{"id":81509,"date":"2026-04-14T16:24:08","date_gmt":"2026-04-14T16:24:08","guid":{"rendered":"https:\/\/rabylundsgard.se\/memorial-service\/"},"modified":"2026-04-14T17:59:37","modified_gmt":"2026-04-14T17:59:37","slug":"memorial-service","status":"publish","type":"page","link":"https:\/\/rabylundsgard.se\/en\/memorial-service\/","title":{"rendered":"Funeral Receptions"},"content":{"rendered":"<p><div class=\"fusion-fullwidth fullwidth-box fusion-builder-row-1 fusion-flex-container has-pattern-background has-mask-background nonhundred-percent-fullwidth non-hundred-percent-height-scrolling\" style=\"--awb-border-radius-top-left:0px;--awb-border-radius-top-right:0px;--awb-border-radius-bottom-right:0px;--awb-border-radius-bottom-left:0px;--awb-margin-bottom:45px;--awb-flex-wrap:wrap;\" ><div class=\"fusion-builder-row fusion-row fusion-flex-align-items-flex-start fusion-flex-content-wrap\" style=\"max-width:1248px;margin-left: calc(-4% \/ 2 );margin-right: calc(-4% \/ 2 );\"><div class=\"fusion-layout-column fusion_builder_column fusion-builder-column-0 fusion_builder_column_1_2 1_2 fusion-flex-column\" style=\"--awb-padding-right:20px;--awb-bg-blend:overlay;--awb-bg-size:cover;--awb-width-large:50%;--awb-margin-top-large:0px;--awb-spacing-right-large:3.84%;--awb-margin-bottom-large:0px;--awb-spacing-left-large:3.84%;--awb-width-medium:50%;--awb-spacing-right-medium:3.84%;--awb-spacing-left-medium:3.84%;--awb-width-small:100%;--awb-spacing-right-small:1.92%;--awb-spacing-left-small:1.92%;\"><div class=\"fusion-column-wrapper fusion-flex-justify-content-flex-start fusion-content-layout-column\"><div class=\"fusion-text fusion-text-1\"><h1 class=\"\" style=\"--fontsize: 38; line-height: 1.2;\" data-fontsize=\"38\" data-lineheight=\"45.6px\">Funeral receptions<\/h1>\n<p>Gathering for a reception after a funeral is a valuable opportunity to honor the memory of a loved one and share the moment with family and friends. We offer a peaceful environment, well-prepared food, and attentive personal service. A memorial service can be arranged in various ways, ranging from a gathering with coffee and pastries to a buffet or a seated meal. We have ample parking facilities conveniently located next to the restaurant to make it easy for all guests to attend. <\/p>\n<p>Our beautiful estate is situated right next to R\u00e5by Church.    <\/p>\n<p>Our ambition is to make your reception a secure and warm experience, allowing you to focus on the moment and on each other. Together, we will plan a gathering that feels right for you. <\/p>\n<p><a href=\"https:\/\/rabylundsgard.se\/en\/contact\/\">Please feel welcome to contact us<\/a> for more information or to book a receptione with us.<\/p>\n<\/div><\/div><\/div><div class=\"fusion-layout-column fusion_builder_column fusion-builder-column-1 fusion_builder_column_1_2 1_2 fusion-flex-column\" style=\"--awb-bg-blend:overlay;--awb-bg-size:cover;--awb-width-large:50%;--awb-margin-top-large:0px;--awb-spacing-right-large:3.84%;--awb-margin-bottom-large:0px;--awb-spacing-left-large:3.84%;--awb-width-medium:50%;--awb-spacing-right-medium:3.84%;--awb-spacing-left-medium:3.84%;--awb-width-small:100%;--awb-spacing-right-small:1.92%;--awb-spacing-left-small:1.92%;\"><div class=\"fusion-column-wrapper fusion-flex-justify-content-flex-start fusion-content-layout-column\"><div class=\"fusion-image-element \" style=\"--awb-caption-title-font-family:var(--h2_typography-font-family);--awb-caption-title-font-weight:var(--h2_typography-font-weight);--awb-caption-title-font-style:var(--h2_typography-font-style);--awb-caption-title-size:var(--h2_typography-font-size);--awb-caption-title-transform:var(--h2_typography-text-transform);--awb-caption-title-line-height:var(--h2_typography-line-height);--awb-caption-title-letter-spacing:var(--h2_typography-letter-spacing);\"><span class=\" fusion-imageframe imageframe-none imageframe-1 hover-type-none\"><img decoding=\"async\" width=\"1918\" height=\"2398\" title=\"R\u00e5bylunds G\u00e5rd konferens restaurang\" src=\"https:\/\/rabylundsgard.se\/wp-content\/uploads\/2026\/04\/DSC05718B-4-5.jpg\" alt class=\"img-responsive wp-image-81658\" srcset=\"https:\/\/rabylundsgard.se\/wp-content\/uploads\/2026\/04\/DSC05718B-4-5-200x250.jpg 200w, https:\/\/rabylundsgard.se\/wp-content\/uploads\/2026\/04\/DSC05718B-4-5-400x500.jpg 400w, https:\/\/rabylundsgard.se\/wp-content\/uploads\/2026\/04\/DSC05718B-4-5-600x750.jpg 600w, https:\/\/rabylundsgard.se\/wp-content\/uploads\/2026\/04\/DSC05718B-4-5-800x1000.jpg 800w, https:\/\/rabylundsgard.se\/wp-content\/uploads\/2026\/04\/DSC05718B-4-5-1200x1500.jpg 1200w, https:\/\/rabylundsgard.se\/wp-content\/uploads\/2026\/04\/DSC05718B-4-5.jpg 1918w\" sizes=\"(max-width: 640px) 100vw, 600px\" \/><\/span><\/div><\/div><\/div><\/div><\/div><div class=\"fusion-fullwidth fullwidth-box fusion-builder-row-2 fusion-flex-container has-pattern-background has-mask-background nonhundred-percent-fullwidth non-hundred-percent-height-scrolling\" style=\"--awb-border-radius-top-left:0px;--awb-border-radius-top-right:0px;--awb-border-radius-bottom-right:0px;--awb-border-radius-bottom-left:0px;--awb-margin-bottom:45px;--awb-flex-wrap:wrap;\" ><div class=\"fusion-builder-row fusion-row fusion-flex-align-items-flex-start fusion-flex-content-wrap\" style=\"max-width:1248px;margin-left: calc(-4% \/ 2 );margin-right: calc(-4% \/ 2 );\"><div class=\"fusion-layout-column fusion_builder_column fusion-builder-column-2 fusion_builder_column_1_2 1_2 fusion-flex-column\" style=\"--awb-padding-right:20px;--awb-bg-blend:overlay;--awb-bg-size:cover;--awb-width-large:50%;--awb-margin-top-large:0px;--awb-spacing-right-large:3.84%;--awb-margin-bottom-large:0px;--awb-spacing-left-large:3.84%;--awb-width-medium:50%;--awb-spacing-right-medium:3.84%;--awb-spacing-left-medium:3.84%;--awb-width-small:100%;--awb-spacing-right-small:1.92%;--awb-spacing-left-small:1.92%;\"><div class=\"fusion-column-wrapper fusion-flex-justify-content-flex-start fusion-content-layout-column\"><div class=\"fusion-image-element \" style=\"--awb-margin-bottom:30px;--awb-caption-title-font-family:var(--h2_typography-font-family);--awb-caption-title-font-weight:var(--h2_typography-font-weight);--awb-caption-title-font-style:var(--h2_typography-font-style);--awb-caption-title-size:var(--h2_typography-font-size);--awb-caption-title-transform:var(--h2_typography-text-transform);--awb-caption-title-line-height:var(--h2_typography-line-height);--awb-caption-title-letter-spacing:var(--h2_typography-letter-spacing);\"><span class=\" fusion-imageframe imageframe-none imageframe-2 hover-type-none\"><img decoding=\"async\" width=\"2048\" height=\"2560\" title=\"R\u00e5bylunds G\u00e5rd konferens restaurang\" src=\"https:\/\/rabylundsgard.se\/wp-content\/uploads\/2026\/04\/minnesstund-web-scaled.jpg\" alt class=\"img-responsive wp-image-81659\" srcset=\"https:\/\/rabylundsgard.se\/wp-content\/uploads\/2026\/04\/minnesstund-web-200x250.jpg 200w, https:\/\/rabylundsgard.se\/wp-content\/uploads\/2026\/04\/minnesstund-web-400x500.jpg 400w, https:\/\/rabylundsgard.se\/wp-content\/uploads\/2026\/04\/minnesstund-web-600x750.jpg 600w, https:\/\/rabylundsgard.se\/wp-content\/uploads\/2026\/04\/minnesstund-web-800x1000.jpg 800w, https:\/\/rabylundsgard.se\/wp-content\/uploads\/2026\/04\/minnesstund-web-1200x1500.jpg 1200w, https:\/\/rabylundsgard.se\/wp-content\/uploads\/2026\/04\/minnesstund-web-scaled.jpg 2048w\" sizes=\"(max-width: 640px) 100vw, 600px\" \/><\/span><\/div><div class=\"fusion-image-element \" style=\"--awb-caption-title-font-family:var(--h2_typography-font-family);--awb-caption-title-font-weight:var(--h2_typography-font-weight);--awb-caption-title-font-style:var(--h2_typography-font-style);--awb-caption-title-size:var(--h2_typography-font-size);--awb-caption-title-transform:var(--h2_typography-text-transform);--awb-caption-title-line-height:var(--h2_typography-line-height);--awb-caption-title-letter-spacing:var(--h2_typography-letter-spacing);\"><span class=\" fusion-imageframe imageframe-none imageframe-3 hover-type-none\"><img decoding=\"async\" width=\"1500\" height=\"1615\" title=\"R\u00e5bylunds G\u00e5rd R\u00e5by kyrka minnesstund\" src=\"https:\/\/rabylundsgard.se\/wp-content\/uploads\/2026\/03\/Rabylunds-Gard-042web.jpg\" alt class=\"img-responsive wp-image-81510\" srcset=\"https:\/\/rabylundsgard.se\/wp-content\/uploads\/2026\/03\/Rabylunds-Gard-042web-200x215.jpg 200w, https:\/\/rabylundsgard.se\/wp-content\/uploads\/2026\/03\/Rabylunds-Gard-042web-400x431.jpg 400w, https:\/\/rabylundsgard.se\/wp-content\/uploads\/2026\/03\/Rabylunds-Gard-042web-600x646.jpg 600w, https:\/\/rabylundsgard.se\/wp-content\/uploads\/2026\/03\/Rabylunds-Gard-042web-800x861.jpg 800w, https:\/\/rabylundsgard.se\/wp-content\/uploads\/2026\/03\/Rabylunds-Gard-042web-1200x1292.jpg 1200w, https:\/\/rabylundsgard.se\/wp-content\/uploads\/2026\/03\/Rabylunds-Gard-042web.jpg 1500w\" sizes=\"(max-width: 640px) 100vw, 600px\" \/><\/span><\/div><\/div><\/div><div class=\"fusion-layout-column fusion_builder_column fusion-builder-column-3 fusion_builder_column_1_2 1_2 fusion-flex-column\" style=\"--awb-bg-blend:overlay;--awb-bg-size:cover;--awb-width-large:50%;--awb-margin-top-large:0px;--awb-spacing-right-large:3.84%;--awb-margin-bottom-large:0px;--awb-spacing-left-large:3.84%;--awb-width-medium:50%;--awb-spacing-right-medium:3.84%;--awb-spacing-left-medium:3.84%;--awb-width-small:100%;--awb-spacing-right-small:1.92%;--awb-spacing-left-small:1.92%;\"><div class=\"fusion-column-wrapper fusion-flex-justify-content-flex-start fusion-content-layout-column\"><div class=\"fusion-text fusion-text-2\"><h3>Memorial Service Menu<\/h3>\n<p>Start with a warming soup!<br \/>Soup of the day with various types of homemade bread and our delicious seed crispbread: SEK 79 \/ person<\/p>\n<\/div><div class=\"fusion-text fusion-text-3\"><h3>Main Courses<\/h3>\n<ul>\n<li>Baked salmon with champagne sauce, beets and hazelnuts, boiled potatoes<\/li>\n<li>Hot-smoked salmon with boiled potatoes, pickled cucumber, chive sauce<\/li>\n<li>Wallenbergare (veal patty), mashed potatoes, melted butter, green peas and lingonberries<\/li>\n<li>Pot Roast, cream sauce, Brussels sprouts, blackcurrant jelly, boiled potatoes<\/li>\n<li>Pork tenderloin, baked tomato, oven-roasted carrots, b\u00e9arnaise sauce, oven-roasted potatoes<\/li>\n<p>SEK 249 \/ person<\/p>\n<\/ul>\n<\/div><div class=\"fusion-text fusion-text-4\"><h3>Four Open-Faced Sandwiches<\/h3>\n<ul>\n<li>Roast beef, remoulade and fried onions<\/li>\n<li>Shrimp Skagen with pickled red onion<\/li>\n<li>Salmon with dill mustard sauce<\/li>\n<li>Ham with brie and marmalade<\/li>\n<\/ul>\n<p>SEK 249 \/ person<\/p>\n<\/div><div class=\"fusion-text fusion-text-5\"><h3>For the little ones, 0-10 years<\/h3>\n<p>Meatballs, boiled potatoes, cream sauce, lingonberries and cucumber<br \/>SEK 119 \/ person<\/p>\n<\/div><div class=\"fusion-text fusion-text-6\"><h3>Something Sweet<\/h3>\n<p>We are happy to arrange <br \/>Princess Cake<br \/>Budapest Roll or<br \/>Cr\u00e8me br\u00fbl\u00e9e<br \/>SEK 90 \/ person<\/p>\n<\/div><div class=\"fusion-text fusion-text-7\"><h3 data-fontsize=\"30\" style=\"--fontSize: 30; line-height: 1;\" data-lineheight=\"30px\" class=\"fusion-responsive-typography-calculated\">Beverages<\/h3>\n<p>We suggest offering small bottles of mineral water, light beer, soft drinks, and non-alcoholic beer. We will only charge for what is consumed.<br \/>Soft drinks and mineral water SEK 32 \/ bottle<br \/>Non-alcoholic beer SEK 59 \/ bottle<br \/>Coffee and tea SEK 35<br \/>Naturally, we also serve beer &amp; wine. <\/p>\n<\/div><div class=\"fusion-text fusion-text-8\"><h3>The Little Extras<\/h3>\n<p>Linen napkins SEK 15 \/ napkin<br \/>White tablecloths SEK 35 \/ tablecloth<br \/>Rent a private room: Price upon quotation<\/p>\n<p>Do not hesitate to contact us to create a personalized menu or if you have any special requests.<\/p>\n<p>We always take allergies and dietary preferences into account and can always offer vegetarian and vegan alternatives.<\/p>\n<p><em>Prices are valid for 2026.<\/em><\/p>\n<\/div><\/div><\/div><\/div><\/div><\/p>\n","protected":false},"excerpt":{"rendered":"","protected":false},"author":6,"featured_media":0,"parent":0,"menu_order":0,"comment_status":"closed","ping_status":"closed","template":"100-width.php","meta":{"_monsterinsights_skip_tracking":false,"_monsterinsights_sitenote_active":false,"_monsterinsights_sitenote_note":"","_monsterinsights_sitenote_category":0,"footnotes":""},"class_list":["post-81509","page","type-page","status-publish","hentry"],"yoast_head":"<!-- This site is optimized with the Yoast SEO plugin v27.4 - https:\/\/yoast.com\/product\/yoast-seo-wordpress\/ -->\n<title>Funeral Receptions - R\u00e5bylunds G\u00e5rd<\/title>\n<meta name=\"robots\" content=\"index, follow, max-snippet:-1, max-image-preview:large, max-video-preview:-1\" \/>\n<link rel=\"canonical\" href=\"https:\/\/rabylundsgard.se\/en\/memorial-service\/\" \/>\n<meta property=\"og:locale\" content=\"en_US\" \/>\n<meta property=\"og:type\" content=\"article\" \/>\n<meta property=\"og:title\" content=\"Funeral Receptions - R\u00e5bylunds G\u00e5rd\" \/>\n<meta property=\"og:url\" content=\"https:\/\/rabylundsgard.se\/en\/memorial-service\/\" \/>\n<meta property=\"og:site_name\" content=\"R\u00e5bylunds G\u00e5rd\" \/>\n<meta property=\"article:modified_time\" content=\"2026-04-14T17:59:37+00:00\" \/>\n<meta name=\"twitter:card\" content=\"summary_large_image\" \/>\n<meta name=\"twitter:label1\" content=\"Est. reading time\" \/>\n\t<meta name=\"twitter:data1\" content=\"18 minutes\" \/>\n<script type=\"application\/ld+json\" class=\"yoast-schema-graph\">{\"@context\":\"https:\\\/\\\/schema.org\",\"@graph\":[{\"@type\":\"WebPage\",\"@id\":\"https:\\\/\\\/rabylundsgard.se\\\/en\\\/memorial-service\\\/\",\"url\":\"https:\\\/\\\/rabylundsgard.se\\\/en\\\/memorial-service\\\/\",\"name\":\"Funeral Receptions - R\u00e5bylunds G\u00e5rd\",\"isPartOf\":{\"@id\":\"https:\\\/\\\/rabylundsgard.se\\\/en\\\/#website\"},\"datePublished\":\"2026-04-14T16:24:08+00:00\",\"dateModified\":\"2026-04-14T17:59:37+00:00\",\"breadcrumb\":{\"@id\":\"https:\\\/\\\/rabylundsgard.se\\\/en\\\/memorial-service\\\/#breadcrumb\"},\"inLanguage\":\"en-US\",\"potentialAction\":[{\"@type\":\"ReadAction\",\"target\":[\"https:\\\/\\\/rabylundsgard.se\\\/en\\\/memorial-service\\\/\"]}]},{\"@type\":\"BreadcrumbList\",\"@id\":\"https:\\\/\\\/rabylundsgard.se\\\/en\\\/memorial-service\\\/#breadcrumb\",\"itemListElement\":[{\"@type\":\"ListItem\",\"position\":1,\"name\":\"Hem\",\"item\":\"https:\\\/\\\/rabylundsgard.se\\\/en\\\/\"},{\"@type\":\"ListItem\",\"position\":2,\"name\":\"Funeral Receptions\"}]},{\"@type\":\"WebSite\",\"@id\":\"https:\\\/\\\/rabylundsgard.se\\\/en\\\/#website\",\"url\":\"https:\\\/\\\/rabylundsgard.se\\\/en\\\/\",\"name\":\"R\u00e5bylunds G\u00e5rd\",\"description\":\"\",\"publisher\":{\"@id\":\"https:\\\/\\\/rabylundsgard.se\\\/en\\\/#organization\"},\"potentialAction\":[{\"@type\":\"SearchAction\",\"target\":{\"@type\":\"EntryPoint\",\"urlTemplate\":\"https:\\\/\\\/rabylundsgard.se\\\/en\\\/?s={search_term_string}\"},\"query-input\":{\"@type\":\"PropertyValueSpecification\",\"valueRequired\":true,\"valueName\":\"search_term_string\"}}],\"inLanguage\":\"en-US\"},{\"@type\":\"Organization\",\"@id\":\"https:\\\/\\\/rabylundsgard.se\\\/en\\\/#organization\",\"name\":\"R\u00e5bylunds G\u00e5rd\",\"url\":\"https:\\\/\\\/rabylundsgard.se\\\/en\\\/\",\"logo\":{\"@type\":\"ImageObject\",\"inLanguage\":\"en-US\",\"@id\":\"https:\\\/\\\/rabylundsgard.se\\\/en\\\/#\\\/schema\\\/logo\\\/image\\\/\",\"url\":\"https:\\\/\\\/rabylundsgard.se\\\/wp-content\\\/uploads\\\/2021\\\/09\\\/logo-word.png\",\"contentUrl\":\"https:\\\/\\\/rabylundsgard.se\\\/wp-content\\\/uploads\\\/2021\\\/09\\\/logo-word.png\",\"width\":1000,\"height\":196,\"caption\":\"R\u00e5bylunds G\u00e5rd\"},\"image\":{\"@id\":\"https:\\\/\\\/rabylundsgard.se\\\/en\\\/#\\\/schema\\\/logo\\\/image\\\/\"}}]}<\/script>\n<!-- \/ Yoast SEO plugin. -->","yoast_head_json":{"title":"Funeral Receptions - R\u00e5bylunds G\u00e5rd","robots":{"index":"index","follow":"follow","max-snippet":"max-snippet:-1","max-image-preview":"max-image-preview:large","max-video-preview":"max-video-preview:-1"},"canonical":"https:\/\/rabylundsgard.se\/en\/memorial-service\/","og_locale":"en_US","og_type":"article","og_title":"Funeral Receptions - R\u00e5bylunds G\u00e5rd","og_url":"https:\/\/rabylundsgard.se\/en\/memorial-service\/","og_site_name":"R\u00e5bylunds G\u00e5rd","article_modified_time":"2026-04-14T17:59:37+00:00","twitter_card":"summary_large_image","twitter_misc":{"Est. reading time":"18 minutes"},"schema":{"@context":"https:\/\/schema.org","@graph":[{"@type":"WebPage","@id":"https:\/\/rabylundsgard.se\/en\/memorial-service\/","url":"https:\/\/rabylundsgard.se\/en\/memorial-service\/","name":"Funeral Receptions - R\u00e5bylunds G\u00e5rd","isPartOf":{"@id":"https:\/\/rabylundsgard.se\/en\/#website"},"datePublished":"2026-04-14T16:24:08+00:00","dateModified":"2026-04-14T17:59:37+00:00","breadcrumb":{"@id":"https:\/\/rabylundsgard.se\/en\/memorial-service\/#breadcrumb"},"inLanguage":"en-US","potentialAction":[{"@type":"ReadAction","target":["https:\/\/rabylundsgard.se\/en\/memorial-service\/"]}]},{"@type":"BreadcrumbList","@id":"https:\/\/rabylundsgard.se\/en\/memorial-service\/#breadcrumb","itemListElement":[{"@type":"ListItem","position":1,"name":"Hem","item":"https:\/\/rabylundsgard.se\/en\/"},{"@type":"ListItem","position":2,"name":"Funeral Receptions"}]},{"@type":"WebSite","@id":"https:\/\/rabylundsgard.se\/en\/#website","url":"https:\/\/rabylundsgard.se\/en\/","name":"R\u00e5bylunds G\u00e5rd","description":"","publisher":{"@id":"https:\/\/rabylundsgard.se\/en\/#organization"},"potentialAction":[{"@type":"SearchAction","target":{"@type":"EntryPoint","urlTemplate":"https:\/\/rabylundsgard.se\/en\/?s={search_term_string}"},"query-input":{"@type":"PropertyValueSpecification","valueRequired":true,"valueName":"search_term_string"}}],"inLanguage":"en-US"},{"@type":"Organization","@id":"https:\/\/rabylundsgard.se\/en\/#organization","name":"R\u00e5bylunds G\u00e5rd","url":"https:\/\/rabylundsgard.se\/en\/","logo":{"@type":"ImageObject","inLanguage":"en-US","@id":"https:\/\/rabylundsgard.se\/en\/#\/schema\/logo\/image\/","url":"https:\/\/rabylundsgard.se\/wp-content\/uploads\/2021\/09\/logo-word.png","contentUrl":"https:\/\/rabylundsgard.se\/wp-content\/uploads\/2021\/09\/logo-word.png","width":1000,"height":196,"caption":"R\u00e5bylunds G\u00e5rd"},"image":{"@id":"https:\/\/rabylundsgard.se\/en\/#\/schema\/logo\/image\/"}}]}},"_links":{"self":[{"href":"https:\/\/rabylundsgard.se\/en\/wp-json\/wp\/v2\/pages\/81509","targetHints":{"allow":["GET"]}}],"collection":[{"href":"https:\/\/rabylundsgard.se\/en\/wp-json\/wp\/v2\/pages"}],"about":[{"href":"https:\/\/rabylundsgard.se\/en\/wp-json\/wp\/v2\/types\/page"}],"author":[{"embeddable":true,"href":"https:\/\/rabylundsgard.se\/en\/wp-json\/wp\/v2\/users\/6"}],"replies":[{"embeddable":true,"href":"https:\/\/rabylundsgard.se\/en\/wp-json\/wp\/v2\/comments?post=81509"}],"version-history":[{"count":11,"href":"https:\/\/rabylundsgard.se\/en\/wp-json\/wp\/v2\/pages\/81509\/revisions"}],"predecessor-version":[{"id":81672,"href":"https:\/\/rabylundsgard.se\/en\/wp-json\/wp\/v2\/pages\/81509\/revisions\/81672"}],"wp:attachment":[{"href":"https:\/\/rabylundsgard.se\/en\/wp-json\/wp\/v2\/media?parent=81509"}],"curies":[{"name":"wp","href":"https:\/\/api.w.org\/{rel}","templated":true}]}}