{"id":81415,"date":"2026-04-14T16:23:15","date_gmt":"2026-04-14T16:23:15","guid":{"rendered":"https:\/\/rabylundsgard.se\/lunch\/"},"modified":"2026-04-14T16:23:22","modified_gmt":"2026-04-14T16:23:22","slug":"lunch","status":"publish","type":"page","link":"https:\/\/rabylundsgard.se\/en\/lunch\/","title":{"rendered":"Lunch"},"content":{"rendered":"<div class=\"fusion-fullwidth fullwidth-box fusion-builder-row-1 fusion-flex-container nonhundred-percent-fullwidth non-hundred-percent-height-scrolling\" style=\"--awb-border-radius-top-left:0px;--awb-border-radius-top-right:0px;--awb-border-radius-bottom-right:0px;--awb-border-radius-bottom-left:0px;--awb-margin-bottom:45px;--awb-flex-wrap:wrap;\" ><div class=\"fusion-builder-row fusion-row fusion-flex-align-items-flex-start fusion-flex-content-wrap\" style=\"max-width:1248px;margin-left: calc(-4% \/ 2 );margin-right: calc(-4% \/ 2 );\"><div class=\"fusion-layout-column fusion_builder_column fusion-builder-column-0 fusion_builder_column_1_2 1_2 fusion-flex-column\" style=\"--awb-padding-left:20px;--awb-bg-size:cover;--awb-width-large:50%;--awb-margin-top-large:0px;--awb-spacing-right-large:3.84%;--awb-margin-bottom-large:0px;--awb-spacing-left-large:3.84%;--awb-width-medium:50%;--awb-order-medium:0;--awb-spacing-right-medium:3.84%;--awb-spacing-left-medium:3.84%;--awb-width-small:100%;--awb-order-small:0;--awb-spacing-right-small:1.92%;--awb-spacing-left-small:1.92%;\" data-scroll-devices=\"small-visibility,medium-visibility,large-visibility\"><div class=\"fusion-column-wrapper fusion-column-has-shadow fusion-flex-justify-content-flex-start fusion-content-layout-column\"><div class=\"fusion-text fusion-text-1\"><h1>Lunch Menu<\/h1>\n<p>Welcome to enjoy a delightful lunch with us on weekdays at 11.30-14.00. If you can curb your hunger and arrive between 1:00 PM and 2:00 PM, you will be a Late Bird and get today&#8217;s lunch for only 135 SEK. <\/p>\n<p>Today&#8217;s Traditional Dish &#8211; 155 SEK including a small soup, main course, and coffee. <\/p>\n<p>You are most welcome, and please book a table at <strong><a href=\"mailto:restaurang@rabylundsgard.se\">restaurang@rabylundsgard.se <\/a><\/strong> or by phone at<strong> <a href=\"tel:+0723-500178\">0723-50 01 78<\/a><\/strong> or use the button below!<\/p>\n<\/div><div ><a class=\"fusion-button button-flat fusion-button-default-size button-default fusion-button-default button-1 fusion-button-default-span fusion-button-default-type\" style=\"--awb-margin-top:35px;--awb-margin-bottom:35px;\" target=\"_self\" href=\"https:\/\/book.easytable.com\/book\/?id=9052f&amp;lang=auto\"><span class=\"fusion-button-text awb-button__text awb-button__text--default\">BOOK A TABLE<\/span><\/a><\/div><div class=\"fusion-text fusion-text-2\"><h3>Lunch Menu April 13 \u2013 17<\/h3>\n<p>Monday: Pan-fried steak with fried onions and gravy<br \/>Tuesday: Salmon pudding with browned butter and raw-stirred lingonberries<br \/>Wednesday: FULLY BOOKED<br \/>Thursday: Cabbage pudding with gravy, lingonberries, and boiled potatoes<br \/>Friday: Chicken with cream sauce, jelly, and pressed cucumber<\/p>\n<\/div><div class=\"fusion-text fusion-text-3\"><h3 class=\"fusion-responsive-typography-calculated\" style=\"--fontsize: 30; line-height: 1; --fontSize: 30;\" data-fontsize=\"30\" data-lineheight=\"30px\">All Week<\/h3>\n<p><strong>This week&#8217;s vegetarian dish<\/strong><br \/>Baked pointed cabbage with potatoes, pickled fried onion, yellow beet, and Roquefort sauce &#8211; 180 SEK<\/p>\n<p><strong>Permanent menu<\/strong><br \/>Toast Skagen &#8211; 165 SEK<br \/>Cured salmon with dill-creamed potatoes and mustard sauce &#8211; 180 SEK<br \/>Schnitzel, fries, capers, herb butter, and fries &#8211; 195 SEK<\/p>\n<p><strong>Dessert<\/strong><br \/>Cr\u00e8me br\u00fbl\u00e9e &#8211; 80 SEK<br \/>Chocolate fondant &#8211; 80 SEK<br \/>Cheese platter \u2013 Brie, Comt\u00e9, Roquefort, and green tomato marmalade &#8211; 145 SEK<\/p>\n<\/div><\/div><\/div><div class=\"fusion-layout-column fusion_builder_column fusion-builder-column-1 fusion_builder_column_1_2 1_2 fusion-flex-column\" style=\"--awb-bg-blend:overlay;--awb-bg-size:cover;--awb-width-large:50%;--awb-margin-top-large:0px;--awb-spacing-right-large:3.84%;--awb-margin-bottom-large:0px;--awb-spacing-left-large:3.84%;--awb-width-medium:50%;--awb-spacing-right-medium:3.84%;--awb-spacing-left-medium:3.84%;--awb-width-small:100%;--awb-spacing-right-small:1.92%;--awb-spacing-left-small:1.92%;\"><div class=\"fusion-column-wrapper fusion-flex-justify-content-flex-start fusion-content-layout-column\"><div class=\"fusion-image-element \" style=\"--awb-margin-bottom:30px;--awb-caption-title-font-family:var(--h2_typography-font-family);--awb-caption-title-font-weight:var(--h2_typography-font-weight);--awb-caption-title-font-style:var(--h2_typography-font-style);--awb-caption-title-size:var(--h2_typography-font-size);--awb-caption-title-transform:var(--h2_typography-text-transform);--awb-caption-title-line-height:var(--h2_typography-line-height);--awb-caption-title-letter-spacing:var(--h2_typography-letter-spacing);\"><span class=\" fusion-imageframe imageframe-none imageframe-1 hover-type-none\"><img decoding=\"async\" width=\"1182\" height=\"1478\" title=\"R\u00e5bylunds G\u00e5rd konferens\" src=\"https:\/\/rabylundsgard.se\/wp-content\/uploads\/2026\/03\/DSC01205web.jpg\" alt class=\"img-responsive wp-image-81426\" srcset=\"https:\/\/rabylundsgard.se\/wp-content\/uploads\/2026\/03\/DSC01205web-200x250.jpg 200w, https:\/\/rabylundsgard.se\/wp-content\/uploads\/2026\/03\/DSC01205web-400x500.jpg 400w, https:\/\/rabylundsgard.se\/wp-content\/uploads\/2026\/03\/DSC01205web-600x750.jpg 600w, https:\/\/rabylundsgard.se\/wp-content\/uploads\/2026\/03\/DSC01205web-800x1000.jpg 800w, https:\/\/rabylundsgard.se\/wp-content\/uploads\/2026\/03\/DSC01205web.jpg 1182w\" sizes=\"(max-width: 640px) 100vw, 600px\" \/><\/span><\/div><div class=\"fusion-image-element \" style=\"--awb-caption-title-font-family:var(--h2_typography-font-family);--awb-caption-title-font-weight:var(--h2_typography-font-weight);--awb-caption-title-font-style:var(--h2_typography-font-style);--awb-caption-title-size:var(--h2_typography-font-size);--awb-caption-title-transform:var(--h2_typography-text-transform);--awb-caption-title-line-height:var(--h2_typography-line-height);--awb-caption-title-letter-spacing:var(--h2_typography-letter-spacing);\"><span class=\" fusion-imageframe imageframe-none imageframe-2 hover-type-none\"><img decoding=\"async\" width=\"2000\" height=\"1408\" title=\"R\u00e5bylunds G\u00e5rd konferens restaurang\" src=\"https:\/\/rabylundsgard.se\/wp-content\/uploads\/2026\/03\/DSC02029web.jpg\" alt class=\"img-responsive wp-image-81416\" srcset=\"https:\/\/rabylundsgard.se\/wp-content\/uploads\/2026\/03\/DSC02029web-200x141.jpg 200w, https:\/\/rabylundsgard.se\/wp-content\/uploads\/2026\/03\/DSC02029web-400x282.jpg 400w, https:\/\/rabylundsgard.se\/wp-content\/uploads\/2026\/03\/DSC02029web-600x422.jpg 600w, https:\/\/rabylundsgard.se\/wp-content\/uploads\/2026\/03\/DSC02029web-800x563.jpg 800w, https:\/\/rabylundsgard.se\/wp-content\/uploads\/2026\/03\/DSC02029web-1200x845.jpg 1200w, https:\/\/rabylundsgard.se\/wp-content\/uploads\/2026\/03\/DSC02029web.jpg 2000w\" sizes=\"(max-width: 640px) 100vw, 600px\" \/><\/span><\/div><\/div><\/div><\/div><\/div>\n","protected":false},"excerpt":{"rendered":"","protected":false},"author":6,"featured_media":0,"parent":0,"menu_order":0,"comment_status":"closed","ping_status":"closed","template":"100-width.php","meta":{"_monsterinsights_skip_tracking":false,"_monsterinsights_sitenote_active":false,"_monsterinsights_sitenote_note":"","_monsterinsights_sitenote_category":0,"footnotes":""},"class_list":["post-81415","page","type-page","status-publish","hentry"],"yoast_head":"<!-- This site is optimized with the Yoast SEO plugin v27.4 - https:\/\/yoast.com\/product\/yoast-seo-wordpress\/ -->\n<title>Lunch - R\u00e5bylunds G\u00e5rd<\/title>\n<meta name=\"robots\" content=\"index, follow, max-snippet:-1, max-image-preview:large, max-video-preview:-1\" \/>\n<link rel=\"canonical\" href=\"https:\/\/rabylundsgard.se\/en\/lunch\/\" \/>\n<meta property=\"og:locale\" content=\"en_US\" \/>\n<meta property=\"og:type\" content=\"article\" \/>\n<meta property=\"og:title\" content=\"Lunch - R\u00e5bylunds G\u00e5rd\" \/>\n<meta property=\"og:url\" content=\"https:\/\/rabylundsgard.se\/en\/lunch\/\" \/>\n<meta property=\"og:site_name\" content=\"R\u00e5bylunds G\u00e5rd\" \/>\n<meta property=\"article:modified_time\" content=\"2026-04-14T16:23:22+00:00\" \/>\n<meta name=\"twitter:card\" content=\"summary_large_image\" \/>\n<meta name=\"twitter:label1\" content=\"Est. reading time\" \/>\n\t<meta name=\"twitter:data1\" content=\"5 minutes\" \/>\n<script type=\"application\/ld+json\" class=\"yoast-schema-graph\">{\"@context\":\"https:\\\/\\\/schema.org\",\"@graph\":[{\"@type\":\"WebPage\",\"@id\":\"https:\\\/\\\/rabylundsgard.se\\\/en\\\/lunch\\\/\",\"url\":\"https:\\\/\\\/rabylundsgard.se\\\/en\\\/lunch\\\/\",\"name\":\"Lunch - R\u00e5bylunds G\u00e5rd\",\"isPartOf\":{\"@id\":\"https:\\\/\\\/rabylundsgard.se\\\/en\\\/#website\"},\"datePublished\":\"2026-04-14T16:23:15+00:00\",\"dateModified\":\"2026-04-14T16:23:22+00:00\",\"breadcrumb\":{\"@id\":\"https:\\\/\\\/rabylundsgard.se\\\/en\\\/lunch\\\/#breadcrumb\"},\"inLanguage\":\"en-US\",\"potentialAction\":[{\"@type\":\"ReadAction\",\"target\":[\"https:\\\/\\\/rabylundsgard.se\\\/en\\\/lunch\\\/\"]}]},{\"@type\":\"BreadcrumbList\",\"@id\":\"https:\\\/\\\/rabylundsgard.se\\\/en\\\/lunch\\\/#breadcrumb\",\"itemListElement\":[{\"@type\":\"ListItem\",\"position\":1,\"name\":\"Hem\",\"item\":\"https:\\\/\\\/rabylundsgard.se\\\/en\\\/\"},{\"@type\":\"ListItem\",\"position\":2,\"name\":\"Lunch\"}]},{\"@type\":\"WebSite\",\"@id\":\"https:\\\/\\\/rabylundsgard.se\\\/en\\\/#website\",\"url\":\"https:\\\/\\\/rabylundsgard.se\\\/en\\\/\",\"name\":\"R\u00e5bylunds G\u00e5rd\",\"description\":\"\",\"publisher\":{\"@id\":\"https:\\\/\\\/rabylundsgard.se\\\/en\\\/#organization\"},\"potentialAction\":[{\"@type\":\"SearchAction\",\"target\":{\"@type\":\"EntryPoint\",\"urlTemplate\":\"https:\\\/\\\/rabylundsgard.se\\\/en\\\/?s={search_term_string}\"},\"query-input\":{\"@type\":\"PropertyValueSpecification\",\"valueRequired\":true,\"valueName\":\"search_term_string\"}}],\"inLanguage\":\"en-US\"},{\"@type\":\"Organization\",\"@id\":\"https:\\\/\\\/rabylundsgard.se\\\/en\\\/#organization\",\"name\":\"R\u00e5bylunds G\u00e5rd\",\"url\":\"https:\\\/\\\/rabylundsgard.se\\\/en\\\/\",\"logo\":{\"@type\":\"ImageObject\",\"inLanguage\":\"en-US\",\"@id\":\"https:\\\/\\\/rabylundsgard.se\\\/en\\\/#\\\/schema\\\/logo\\\/image\\\/\",\"url\":\"https:\\\/\\\/rabylundsgard.se\\\/wp-content\\\/uploads\\\/2021\\\/09\\\/logo-word.png\",\"contentUrl\":\"https:\\\/\\\/rabylundsgard.se\\\/wp-content\\\/uploads\\\/2021\\\/09\\\/logo-word.png\",\"width\":1000,\"height\":196,\"caption\":\"R\u00e5bylunds G\u00e5rd\"},\"image\":{\"@id\":\"https:\\\/\\\/rabylundsgard.se\\\/en\\\/#\\\/schema\\\/logo\\\/image\\\/\"}}]}<\/script>\n<!-- \/ Yoast SEO plugin. -->","yoast_head_json":{"title":"Lunch - R\u00e5bylunds G\u00e5rd","robots":{"index":"index","follow":"follow","max-snippet":"max-snippet:-1","max-image-preview":"max-image-preview:large","max-video-preview":"max-video-preview:-1"},"canonical":"https:\/\/rabylundsgard.se\/en\/lunch\/","og_locale":"en_US","og_type":"article","og_title":"Lunch - R\u00e5bylunds G\u00e5rd","og_url":"https:\/\/rabylundsgard.se\/en\/lunch\/","og_site_name":"R\u00e5bylunds G\u00e5rd","article_modified_time":"2026-04-14T16:23:22+00:00","twitter_card":"summary_large_image","twitter_misc":{"Est. reading time":"5 minutes"},"schema":{"@context":"https:\/\/schema.org","@graph":[{"@type":"WebPage","@id":"https:\/\/rabylundsgard.se\/en\/lunch\/","url":"https:\/\/rabylundsgard.se\/en\/lunch\/","name":"Lunch - R\u00e5bylunds G\u00e5rd","isPartOf":{"@id":"https:\/\/rabylundsgard.se\/en\/#website"},"datePublished":"2026-04-14T16:23:15+00:00","dateModified":"2026-04-14T16:23:22+00:00","breadcrumb":{"@id":"https:\/\/rabylundsgard.se\/en\/lunch\/#breadcrumb"},"inLanguage":"en-US","potentialAction":[{"@type":"ReadAction","target":["https:\/\/rabylundsgard.se\/en\/lunch\/"]}]},{"@type":"BreadcrumbList","@id":"https:\/\/rabylundsgard.se\/en\/lunch\/#breadcrumb","itemListElement":[{"@type":"ListItem","position":1,"name":"Hem","item":"https:\/\/rabylundsgard.se\/en\/"},{"@type":"ListItem","position":2,"name":"Lunch"}]},{"@type":"WebSite","@id":"https:\/\/rabylundsgard.se\/en\/#website","url":"https:\/\/rabylundsgard.se\/en\/","name":"R\u00e5bylunds G\u00e5rd","description":"","publisher":{"@id":"https:\/\/rabylundsgard.se\/en\/#organization"},"potentialAction":[{"@type":"SearchAction","target":{"@type":"EntryPoint","urlTemplate":"https:\/\/rabylundsgard.se\/en\/?s={search_term_string}"},"query-input":{"@type":"PropertyValueSpecification","valueRequired":true,"valueName":"search_term_string"}}],"inLanguage":"en-US"},{"@type":"Organization","@id":"https:\/\/rabylundsgard.se\/en\/#organization","name":"R\u00e5bylunds G\u00e5rd","url":"https:\/\/rabylundsgard.se\/en\/","logo":{"@type":"ImageObject","inLanguage":"en-US","@id":"https:\/\/rabylundsgard.se\/en\/#\/schema\/logo\/image\/","url":"https:\/\/rabylundsgard.se\/wp-content\/uploads\/2021\/09\/logo-word.png","contentUrl":"https:\/\/rabylundsgard.se\/wp-content\/uploads\/2021\/09\/logo-word.png","width":1000,"height":196,"caption":"R\u00e5bylunds G\u00e5rd"},"image":{"@id":"https:\/\/rabylundsgard.se\/en\/#\/schema\/logo\/image\/"}}]}},"_links":{"self":[{"href":"https:\/\/rabylundsgard.se\/en\/wp-json\/wp\/v2\/pages\/81415","targetHints":{"allow":["GET"]}}],"collection":[{"href":"https:\/\/rabylundsgard.se\/en\/wp-json\/wp\/v2\/pages"}],"about":[{"href":"https:\/\/rabylundsgard.se\/en\/wp-json\/wp\/v2\/types\/page"}],"author":[{"embeddable":true,"href":"https:\/\/rabylundsgard.se\/en\/wp-json\/wp\/v2\/users\/6"}],"replies":[{"embeddable":true,"href":"https:\/\/rabylundsgard.se\/en\/wp-json\/wp\/v2\/comments?post=81415"}],"version-history":[{"count":9,"href":"https:\/\/rabylundsgard.se\/en\/wp-json\/wp\/v2\/pages\/81415\/revisions"}],"predecessor-version":[{"id":81478,"href":"https:\/\/rabylundsgard.se\/en\/wp-json\/wp\/v2\/pages\/81415\/revisions\/81478"}],"wp:attachment":[{"href":"https:\/\/rabylundsgard.se\/en\/wp-json\/wp\/v2\/media?parent=81415"}],"curies":[{"name":"wp","href":"https:\/\/api.w.org\/{rel}","templated":true}]}}