{"id":81398,"date":"2026-04-14T16:22:43","date_gmt":"2026-04-14T16:22:43","guid":{"rendered":"https:\/\/rabylundsgard.se\/parties-weddings\/"},"modified":"2026-04-14T17:57:41","modified_gmt":"2026-04-14T17:57:41","slug":"parties-weddings","status":"publish","type":"page","link":"https:\/\/rabylundsgard.se\/en\/parties-weddings\/","title":{"rendered":"Parties &amp; Weddings"},"content":{"rendered":"<p><div class=\"fusion-fullwidth fullwidth-box fusion-builder-row-1 fusion-flex-container has-pattern-background has-mask-background nonhundred-percent-fullwidth non-hundred-percent-height-scrolling\" style=\"--awb-border-radius-top-left:0px;--awb-border-radius-top-right:0px;--awb-border-radius-bottom-right:0px;--awb-border-radius-bottom-left:0px;--awb-flex-wrap:wrap;\" ><div class=\"fusion-builder-row fusion-row fusion-flex-align-items-flex-start fusion-flex-content-wrap\" style=\"max-width:1248px;margin-left: calc(-4% \/ 2 );margin-right: calc(-4% \/ 2 );\"><div class=\"fusion-layout-column fusion_builder_column fusion-builder-column-0 fusion_builder_column_1_1 1_1 fusion-flex-column\" style=\"--awb-bg-size:cover;--awb-width-large:100%;--awb-margin-top-large:0px;--awb-spacing-right-large:1.92%;--awb-margin-bottom-large:20px;--awb-spacing-left-large:1.92%;--awb-width-medium:100%;--awb-order-medium:0;--awb-spacing-right-medium:1.92%;--awb-spacing-left-medium:1.92%;--awb-width-small:100%;--awb-order-small:0;--awb-spacing-right-small:1.92%;--awb-spacing-left-small:1.92%;\"><div class=\"fusion-column-wrapper fusion-column-has-shadow fusion-flex-justify-content-flex-start fusion-content-layout-column\"><div class=\"fusion-image-element \" style=\"--awb-margin-bottom:20px;--awb-caption-title-font-family:var(--h2_typography-font-family);--awb-caption-title-font-weight:var(--h2_typography-font-weight);--awb-caption-title-font-style:var(--h2_typography-font-style);--awb-caption-title-size:var(--h2_typography-font-size);--awb-caption-title-transform:var(--h2_typography-text-transform);--awb-caption-title-line-height:var(--h2_typography-line-height);--awb-caption-title-letter-spacing:var(--h2_typography-letter-spacing);\"><span class=\" fusion-imageframe imageframe-none imageframe-1 hover-type-none\"><img decoding=\"async\" width=\"1500\" height=\"894\" title=\"Photographer Anna Theolinda\" src=\"https:\/\/rabylundsgard.se\/wp-content\/uploads\/2025\/08\/DSC1273b.jpg\" alt class=\"img-responsive wp-image-81402\" srcset=\"https:\/\/rabylundsgard.se\/wp-content\/uploads\/2025\/08\/DSC1273b-300x179.jpg 300w, https:\/\/rabylundsgard.se\/wp-content\/uploads\/2025\/08\/DSC1273b-768x458.jpg 768w, https:\/\/rabylundsgard.se\/wp-content\/uploads\/2025\/08\/DSC1273b-1000x596.jpg 1000w, https:\/\/rabylundsgard.se\/wp-content\/uploads\/2025\/08\/DSC1273b-1024x610.jpg 1024w, https:\/\/rabylundsgard.se\/wp-content\/uploads\/2025\/08\/DSC1273b-1280x763.jpg 1280w, https:\/\/rabylundsgard.se\/wp-content\/uploads\/2025\/08\/DSC1273b.jpg 1500w\" sizes=\"(max-width: 1500px) 100vw, 1500px\" \/><\/span><\/div><div class=\"fusion-text fusion-text-1\"><p>P\u00e5 v\u00e4g till br\u00f6llopsfest! Photographer Anna Theolinda<\/p>\n<\/div><\/div><\/div><\/div><\/div><div class=\"fusion-fullwidth fullwidth-box fusion-builder-row-2 fusion-flex-container nonhundred-percent-fullwidth non-hundred-percent-height-scrolling\" style=\"--awb-border-radius-top-left:0px;--awb-border-radius-top-right:0px;--awb-border-radius-bottom-right:0px;--awb-border-radius-bottom-left:0px;--awb-margin-bottom:30px;--awb-flex-wrap:wrap;\" ><div class=\"fusion-builder-row fusion-row fusion-flex-align-items-flex-start fusion-flex-content-wrap\" style=\"max-width:1248px;margin-left: calc(-4% \/ 2 );margin-right: calc(-4% \/ 2 );\"><div class=\"fusion-layout-column fusion_builder_column fusion-builder-column-1 fusion_builder_column_4_5 4_5 fusion-flex-column\" style=\"--awb-bg-blend:overlay;--awb-bg-size:cover;--awb-width-large:80%;--awb-margin-top-large:0px;--awb-spacing-right-large:2.4%;--awb-margin-bottom-large:0px;--awb-spacing-left-large:2.4%;--awb-width-medium:80%;--awb-spacing-right-medium:2.4%;--awb-spacing-left-medium:2.4%;--awb-width-small:100%;--awb-spacing-right-small:1.92%;--awb-spacing-left-small:1.92%;\"><div class=\"fusion-column-wrapper fusion-flex-justify-content-flex-start fusion-content-layout-column\"><div class=\"fusion-text fusion-text-2\"><h1>Parties &amp; Weddings at R\u00e5bylunds G\u00e5rd<\/h1>\n<p>Your wedding is unique, and at R\u00e5bylunds G\u00e5rd you have the opportunity to put your own personal touch on every moment. Here, romance, rural charm and an exclusive feel come together for a day that you and your guests will never forget.<\/p>\n<\/div><div class=\"fusion-text fusion-text-3 fusion-text-no-margin\" style=\"--awb-margin-bottom:30px;\"><h3 class=\"fusion-responsive-typography-calculated\" style=\"--fontsize: 30; line-height: 1;\" data-fontsize=\"30\" data-lineheight=\"30px\">A wedding to remember for a lifetime<\/h3>\n<p>Our beautiful farm is located right next to R\u00e5by Church, but whether you get married here or in one of the many beautiful churches and venues in and around Lund, it is easy to get to us for the wedding reception. With us, you have the entire farm to yourselves\u2014an intimate and exclusive setting where you can celebrate your day of love in peace and quiet. <\/p>\n<p>We know that every wedding is unique, and we give you the opportunity to put your personal stamp on the day. Together, we create a wedding reception that reflects you\u2014from menu choices and table settings to the atmosphere and overall arrangement. We can also help arrange music, a DJ, speakers and a wedding photographer, so that every part of your day runs smoothly and becomes exactly as you wish.<\/p>\n<\/div><div class=\"fusion-image-element \" style=\"--awb-margin-bottom:20px;--awb-caption-title-font-family:var(--h2_typography-font-family);--awb-caption-title-font-weight:var(--h2_typography-font-weight);--awb-caption-title-font-style:var(--h2_typography-font-style);--awb-caption-title-size:var(--h2_typography-font-size);--awb-caption-title-transform:var(--h2_typography-text-transform);--awb-caption-title-line-height:var(--h2_typography-line-height);--awb-caption-title-letter-spacing:var(--h2_typography-letter-spacing);\"><span class=\" fusion-imageframe imageframe-none imageframe-2 hover-type-none\"><img decoding=\"async\" width=\"1800\" height=\"1350\" title=\"Jonathan Ahlstro\u0308m &amp; Andreas Aminoff\" src=\"https:\/\/rabylundsgard.se\/wp-content\/uploads\/2025\/08\/Jivegard-drone-web.jpg\" alt class=\"img-responsive wp-image-81403\" srcset=\"https:\/\/rabylundsgard.se\/wp-content\/uploads\/2025\/08\/Jivegard-drone-web-600x450.jpg 600w, https:\/\/rabylundsgard.se\/wp-content\/uploads\/2025\/08\/Jivegard-drone-web.jpg 1800w\" sizes=\"(max-width: 640px) 100vw, 1800px\" \/><\/span><\/div><div class=\"fusion-text fusion-text-4\"><p>Photographers Jonathan Ahlstr\u00f6m &amp; Andreas Aminoff<\/p>\n<\/div><div class=\"fusion-text fusion-text-5\"><h3 class=\"fusion-responsive-typography-calculated\" style=\"--fontsize: 30; line-height: 1;\" data-fontsize=\"30\" data-lineheight=\"30px\">Why choose R\u00e5bylunds G\u00e5rd for your wedding?<\/h3>\n<p>\u2022 Charming and tranquil setting with rural elegance<br \/>\n\u2022 The entire farm exclusively for you and your guests<br \/>\n\u2022 Easy access from Lund and the surrounding area<br \/>\n\u2022 Close to R\u00e5by Church<br \/>\n\u2022 Tailor-made menus based on seasonal ingredients<br \/>\n\u2022 Personal service and experience in wedding planning<br \/>\n\u2022 Assistance with music, DJ, speakers and a wedding photographer<br \/>\n\u2022 Plenty of parking spaces for guests who wish to leave their car<br \/>\n\u2022 Close to hotels for overnight guests<br \/>\n\u2022 Attractive prices without compromising on quality<\/p>\n<\/div><div class=\"fusion-text fusion-text-6 fusion-text-no-margin\" style=\"--awb-margin-bottom:45px;\"><h3>Book your dream wedding<\/h3>\n<p>Contact us at <strong><a href=\"mailto:restaurang@rabylundsgard.se\">restaurang@rabylundsgard.se <\/a><\/strong>and we will help you create a day filled with love, joy and magic.<\/p>\n<\/div><\/div><\/div><\/div><\/div><div class=\"fusion-fullwidth fullwidth-box fusion-builder-row-3 fusion-flex-container has-pattern-background has-mask-background nonhundred-percent-fullwidth non-hundred-percent-height-scrolling\" style=\"--awb-border-radius-top-left:0px;--awb-border-radius-top-right:0px;--awb-border-radius-bottom-right:0px;--awb-border-radius-bottom-left:0px;--awb-flex-wrap:wrap;\" ><div class=\"fusion-builder-row fusion-row fusion-flex-align-items-flex-start fusion-flex-content-wrap\" style=\"max-width:1248px;margin-left: calc(-4% \/ 2 );margin-right: calc(-4% \/ 2 );\"><div class=\"fusion-layout-column fusion_builder_column fusion-builder-column-2 fusion_builder_column_1_2 1_2 fusion-flex-column\" style=\"--awb-bg-size:cover;--awb-width-large:50%;--awb-margin-top-large:0px;--awb-spacing-right-large:3.84%;--awb-margin-bottom-large:20px;--awb-spacing-left-large:3.84%;--awb-width-medium:50%;--awb-order-medium:0;--awb-spacing-right-medium:3.84%;--awb-spacing-left-medium:3.84%;--awb-width-small:100%;--awb-order-small:0;--awb-spacing-right-small:1.92%;--awb-spacing-left-small:1.92%;\"><div class=\"fusion-column-wrapper fusion-column-has-shadow fusion-flex-justify-content-flex-start fusion-content-layout-column\"><div class=\"fusion-image-element \" style=\"--awb-caption-title-font-family:var(--h2_typography-font-family);--awb-caption-title-font-weight:var(--h2_typography-font-weight);--awb-caption-title-font-style:var(--h2_typography-font-style);--awb-caption-title-size:var(--h2_typography-font-size);--awb-caption-title-transform:var(--h2_typography-text-transform);--awb-caption-title-line-height:var(--h2_typography-line-height);--awb-caption-title-letter-spacing:var(--h2_typography-letter-spacing);\"><span class=\" fusion-imageframe imageframe-none imageframe-3 hover-type-none\"><img decoding=\"async\" width=\"1200\" height=\"1800\" title=\"Jivega\u030ard-04252web\" src=\"https:\/\/rabylundsgard.se\/wp-content\/uploads\/2025\/08\/Jivegard-04252web.jpg\" alt class=\"img-responsive wp-image-81404\" srcset=\"https:\/\/rabylundsgard.se\/wp-content\/uploads\/2025\/08\/Jivegard-04252web-200x300.jpg 200w, https:\/\/rabylundsgard.se\/wp-content\/uploads\/2025\/08\/Jivegard-04252web.jpg 1200w\" sizes=\"(max-width: 640px) 100vw, 1200px\" \/><\/span><\/div><div class=\"fusion-text fusion-text-7\" style=\"--awb-margin-top:20px;\"><p>Photographers Jonathan Ahlstr\u00f6m &amp; Andreas Aminoff<\/p>\n<\/div><\/div><\/div><div class=\"fusion-layout-column fusion_builder_column fusion-builder-column-3 fusion_builder_column_1_2 1_2 fusion-flex-column\" style=\"--awb-bg-size:cover;--awb-width-large:50%;--awb-margin-top-large:0px;--awb-spacing-right-large:3.84%;--awb-margin-bottom-large:20px;--awb-spacing-left-large:3.84%;--awb-width-medium:50%;--awb-order-medium:0;--awb-spacing-right-medium:3.84%;--awb-spacing-left-medium:3.84%;--awb-width-small:100%;--awb-order-small:0;--awb-spacing-right-small:1.92%;--awb-spacing-left-small:1.92%;\"><div class=\"fusion-column-wrapper fusion-column-has-shadow fusion-flex-justify-content-flex-start fusion-content-layout-column\"><div class=\"fusion-image-element \" style=\"--awb-caption-title-font-family:var(--h2_typography-font-family);--awb-caption-title-font-weight:var(--h2_typography-font-weight);--awb-caption-title-font-style:var(--h2_typography-font-style);--awb-caption-title-size:var(--h2_typography-font-size);--awb-caption-title-transform:var(--h2_typography-text-transform);--awb-caption-title-line-height:var(--h2_typography-line-height);--awb-caption-title-letter-spacing:var(--h2_typography-letter-spacing);\"><span class=\" fusion-imageframe imageframe-none imageframe-4 hover-type-none\"><img decoding=\"async\" width=\"667\" height=\"1000\" src=\"https:\/\/rabylundsgard.se\/wp-content\/uploads\/2025\/08\/DSC1278.jpg\" alt class=\"img-responsive wp-image-81400\" srcset=\"https:\/\/rabylundsgard.se\/wp-content\/uploads\/2025\/08\/DSC1278-200x300.jpg 200w, https:\/\/rabylundsgard.se\/wp-content\/uploads\/2025\/08\/DSC1278.jpg 667w\" sizes=\"(max-width: 640px) 100vw, 667px\" \/><\/span><\/div><div class=\"fusion-text fusion-text-8\" style=\"--awb-margin-top:20px;\"><p>Photographer Anna Theolinda<\/p>\n<\/div><\/div><\/div><\/div><\/div><div class=\"fusion-fullwidth fullwidth-box fusion-builder-row-4 fusion-flex-container has-pattern-background has-mask-background nonhundred-percent-fullwidth non-hundred-percent-height-scrolling\" style=\"--awb-border-radius-top-left:0px;--awb-border-radius-top-right:0px;--awb-border-radius-bottom-right:0px;--awb-border-radius-bottom-left:0px;--awb-flex-wrap:wrap;\" ><div class=\"fusion-builder-row fusion-row fusion-flex-align-items-flex-start fusion-flex-content-wrap\" style=\"max-width:1248px;margin-left: calc(-4% \/ 2 );margin-right: calc(-4% \/ 2 );\"><div class=\"fusion-layout-column fusion_builder_column fusion-builder-column-4 fusion_builder_column_1_1 1_1 fusion-flex-column\" style=\"--awb-bg-size:cover;--awb-width-large:100%;--awb-margin-top-large:0px;--awb-spacing-right-large:1.92%;--awb-margin-bottom-large:20px;--awb-spacing-left-large:1.92%;--awb-width-medium:100%;--awb-order-medium:0;--awb-spacing-right-medium:1.92%;--awb-spacing-left-medium:1.92%;--awb-width-small:100%;--awb-order-small:0;--awb-spacing-right-small:1.92%;--awb-spacing-left-small:1.92%;\"><div class=\"fusion-column-wrapper fusion-column-has-shadow fusion-flex-justify-content-flex-start fusion-content-layout-column\"><div class=\"fusion-image-element \" style=\"--awb-margin-bottom:20px;--awb-caption-title-font-family:var(--h2_typography-font-family);--awb-caption-title-font-weight:var(--h2_typography-font-weight);--awb-caption-title-font-style:var(--h2_typography-font-style);--awb-caption-title-size:var(--h2_typography-font-size);--awb-caption-title-transform:var(--h2_typography-text-transform);--awb-caption-title-line-height:var(--h2_typography-line-height);--awb-caption-title-letter-spacing:var(--h2_typography-letter-spacing);\"><span class=\" fusion-imageframe imageframe-none imageframe-5 hover-type-none\"><img decoding=\"async\" width=\"1800\" height=\"1200\" title=\"Jonathan Ahlstro\u0308m &amp; Andreas Aminoff\" src=\"https:\/\/rabylundsgard.se\/wp-content\/uploads\/2025\/08\/Jivegard-04208web.jpg\" alt class=\"img-responsive wp-image-81405\" srcset=\"https:\/\/rabylundsgard.se\/wp-content\/uploads\/2025\/08\/Jivegard-04208web-300x200.jpg 300w, https:\/\/rabylundsgard.se\/wp-content\/uploads\/2025\/08\/Jivegard-04208web-768x512.jpg 768w, https:\/\/rabylundsgard.se\/wp-content\/uploads\/2025\/08\/Jivegard-04208web-1000x667.jpg 1000w, https:\/\/rabylundsgard.se\/wp-content\/uploads\/2025\/08\/Jivegard-04208web-1024x683.jpg 1024w, https:\/\/rabylundsgard.se\/wp-content\/uploads\/2025\/08\/Jivegard-04208web-1280x853.jpg 1280w, https:\/\/rabylundsgard.se\/wp-content\/uploads\/2025\/08\/Jivegard-04208web-1536x1024.jpg 1536w, https:\/\/rabylundsgard.se\/wp-content\/uploads\/2025\/08\/Jivegard-04208web.jpg 1800w\" sizes=\"(max-width: 1800px) 100vw, 1800px\" \/><\/span><\/div><div class=\"fusion-text fusion-text-9 fusion-text-no-margin\" style=\"--awb-margin-bottom:30px;\"><p>Photographers Jonathan Ahlstr\u00f6m &amp; Andreas Aminoff<\/p>\n<\/div><div class=\"fusion-image-element \" style=\"--awb-margin-bottom:20px;--awb-caption-title-font-family:var(--h2_typography-font-family);--awb-caption-title-font-weight:var(--h2_typography-font-weight);--awb-caption-title-font-style:var(--h2_typography-font-style);--awb-caption-title-size:var(--h2_typography-font-size);--awb-caption-title-transform:var(--h2_typography-text-transform);--awb-caption-title-line-height:var(--h2_typography-line-height);--awb-caption-title-letter-spacing:var(--h2_typography-letter-spacing);\"><span class=\" fusion-imageframe imageframe-none imageframe-6 hover-type-none\"><img decoding=\"async\" width=\"1500\" height=\"894\" title=\"Photographer Anna Theolinda\" src=\"https:\/\/rabylundsgard.se\/wp-content\/uploads\/2025\/08\/DSC1251-2b.jpg\" alt class=\"img-responsive wp-image-81406\" srcset=\"https:\/\/rabylundsgard.se\/wp-content\/uploads\/2025\/08\/DSC1251-2b-300x179.jpg 300w, https:\/\/rabylundsgard.se\/wp-content\/uploads\/2025\/08\/DSC1251-2b-768x458.jpg 768w, https:\/\/rabylundsgard.se\/wp-content\/uploads\/2025\/08\/DSC1251-2b-1000x596.jpg 1000w, https:\/\/rabylundsgard.se\/wp-content\/uploads\/2025\/08\/DSC1251-2b-1024x610.jpg 1024w, https:\/\/rabylundsgard.se\/wp-content\/uploads\/2025\/08\/DSC1251-2b-1280x763.jpg 1280w, https:\/\/rabylundsgard.se\/wp-content\/uploads\/2025\/08\/DSC1251-2b.jpg 1500w\" sizes=\"(max-width: 1500px) 100vw, 1500px\" \/><\/span><\/div><div class=\"fusion-text fusion-text-10\"><p>Photographer Anna Theolinda<\/p>\n<\/div><\/div><\/div><\/div><\/div><\/p>\n","protected":false},"excerpt":{"rendered":"","protected":false},"author":6,"featured_media":0,"parent":0,"menu_order":0,"comment_status":"closed","ping_status":"closed","template":"100-width.php","meta":{"_monsterinsights_skip_tracking":false,"_monsterinsights_sitenote_active":false,"_monsterinsights_sitenote_note":"","_monsterinsights_sitenote_category":0,"footnotes":""},"class_list":["post-81398","page","type-page","status-publish","hentry"],"yoast_head":"<!-- This site is optimized with the Yoast SEO plugin v27.4 - https:\/\/yoast.com\/product\/yoast-seo-wordpress\/ -->\n<title>Parties &amp; Weddings - R\u00e5bylunds G\u00e5rd<\/title>\n<meta name=\"robots\" content=\"index, follow, max-snippet:-1, max-image-preview:large, max-video-preview:-1\" \/>\n<link rel=\"canonical\" href=\"https:\/\/rabylundsgard.se\/en\/parties-weddings\/\" \/>\n<meta property=\"og:locale\" content=\"en_US\" \/>\n<meta property=\"og:type\" content=\"article\" \/>\n<meta property=\"og:title\" content=\"Parties &amp; Weddings - R\u00e5bylunds G\u00e5rd\" \/>\n<meta property=\"og:url\" content=\"https:\/\/rabylundsgard.se\/en\/parties-weddings\/\" \/>\n<meta property=\"og:site_name\" content=\"R\u00e5bylunds G\u00e5rd\" \/>\n<meta property=\"article:modified_time\" content=\"2026-04-14T17:57:41+00:00\" \/>\n<meta name=\"twitter:card\" content=\"summary_large_image\" \/>\n<meta name=\"twitter:label1\" content=\"Est. reading time\" \/>\n\t<meta name=\"twitter:data1\" content=\"21 minutes\" \/>\n<script type=\"application\/ld+json\" class=\"yoast-schema-graph\">{\"@context\":\"https:\\\/\\\/schema.org\",\"@graph\":[{\"@type\":\"WebPage\",\"@id\":\"https:\\\/\\\/rabylundsgard.se\\\/en\\\/parties-weddings\\\/\",\"url\":\"https:\\\/\\\/rabylundsgard.se\\\/en\\\/parties-weddings\\\/\",\"name\":\"Parties &amp; Weddings - R\u00e5bylunds G\u00e5rd\",\"isPartOf\":{\"@id\":\"https:\\\/\\\/rabylundsgard.se\\\/en\\\/#website\"},\"datePublished\":\"2026-04-14T16:22:43+00:00\",\"dateModified\":\"2026-04-14T17:57:41+00:00\",\"breadcrumb\":{\"@id\":\"https:\\\/\\\/rabylundsgard.se\\\/en\\\/parties-weddings\\\/#breadcrumb\"},\"inLanguage\":\"en-US\",\"potentialAction\":[{\"@type\":\"ReadAction\",\"target\":[\"https:\\\/\\\/rabylundsgard.se\\\/en\\\/parties-weddings\\\/\"]}]},{\"@type\":\"BreadcrumbList\",\"@id\":\"https:\\\/\\\/rabylundsgard.se\\\/en\\\/parties-weddings\\\/#breadcrumb\",\"itemListElement\":[{\"@type\":\"ListItem\",\"position\":1,\"name\":\"Hem\",\"item\":\"https:\\\/\\\/rabylundsgard.se\\\/en\\\/\"},{\"@type\":\"ListItem\",\"position\":2,\"name\":\"Parties &amp; Weddings\"}]},{\"@type\":\"WebSite\",\"@id\":\"https:\\\/\\\/rabylundsgard.se\\\/en\\\/#website\",\"url\":\"https:\\\/\\\/rabylundsgard.se\\\/en\\\/\",\"name\":\"R\u00e5bylunds G\u00e5rd\",\"description\":\"\",\"publisher\":{\"@id\":\"https:\\\/\\\/rabylundsgard.se\\\/en\\\/#organization\"},\"potentialAction\":[{\"@type\":\"SearchAction\",\"target\":{\"@type\":\"EntryPoint\",\"urlTemplate\":\"https:\\\/\\\/rabylundsgard.se\\\/en\\\/?s={search_term_string}\"},\"query-input\":{\"@type\":\"PropertyValueSpecification\",\"valueRequired\":true,\"valueName\":\"search_term_string\"}}],\"inLanguage\":\"en-US\"},{\"@type\":\"Organization\",\"@id\":\"https:\\\/\\\/rabylundsgard.se\\\/en\\\/#organization\",\"name\":\"R\u00e5bylunds G\u00e5rd\",\"url\":\"https:\\\/\\\/rabylundsgard.se\\\/en\\\/\",\"logo\":{\"@type\":\"ImageObject\",\"inLanguage\":\"en-US\",\"@id\":\"https:\\\/\\\/rabylundsgard.se\\\/en\\\/#\\\/schema\\\/logo\\\/image\\\/\",\"url\":\"https:\\\/\\\/rabylundsgard.se\\\/wp-content\\\/uploads\\\/2021\\\/09\\\/logo-word.png\",\"contentUrl\":\"https:\\\/\\\/rabylundsgard.se\\\/wp-content\\\/uploads\\\/2021\\\/09\\\/logo-word.png\",\"width\":1000,\"height\":196,\"caption\":\"R\u00e5bylunds G\u00e5rd\"},\"image\":{\"@id\":\"https:\\\/\\\/rabylundsgard.se\\\/en\\\/#\\\/schema\\\/logo\\\/image\\\/\"}}]}<\/script>\n<!-- \/ Yoast SEO plugin. -->","yoast_head_json":{"title":"Parties &amp; Weddings - R\u00e5bylunds G\u00e5rd","robots":{"index":"index","follow":"follow","max-snippet":"max-snippet:-1","max-image-preview":"max-image-preview:large","max-video-preview":"max-video-preview:-1"},"canonical":"https:\/\/rabylundsgard.se\/en\/parties-weddings\/","og_locale":"en_US","og_type":"article","og_title":"Parties &amp; Weddings - R\u00e5bylunds G\u00e5rd","og_url":"https:\/\/rabylundsgard.se\/en\/parties-weddings\/","og_site_name":"R\u00e5bylunds G\u00e5rd","article_modified_time":"2026-04-14T17:57:41+00:00","twitter_card":"summary_large_image","twitter_misc":{"Est. reading time":"21 minutes"},"schema":{"@context":"https:\/\/schema.org","@graph":[{"@type":"WebPage","@id":"https:\/\/rabylundsgard.se\/en\/parties-weddings\/","url":"https:\/\/rabylundsgard.se\/en\/parties-weddings\/","name":"Parties &amp; Weddings - R\u00e5bylunds G\u00e5rd","isPartOf":{"@id":"https:\/\/rabylundsgard.se\/en\/#website"},"datePublished":"2026-04-14T16:22:43+00:00","dateModified":"2026-04-14T17:57:41+00:00","breadcrumb":{"@id":"https:\/\/rabylundsgard.se\/en\/parties-weddings\/#breadcrumb"},"inLanguage":"en-US","potentialAction":[{"@type":"ReadAction","target":["https:\/\/rabylundsgard.se\/en\/parties-weddings\/"]}]},{"@type":"BreadcrumbList","@id":"https:\/\/rabylundsgard.se\/en\/parties-weddings\/#breadcrumb","itemListElement":[{"@type":"ListItem","position":1,"name":"Hem","item":"https:\/\/rabylundsgard.se\/en\/"},{"@type":"ListItem","position":2,"name":"Parties &amp; Weddings"}]},{"@type":"WebSite","@id":"https:\/\/rabylundsgard.se\/en\/#website","url":"https:\/\/rabylundsgard.se\/en\/","name":"R\u00e5bylunds G\u00e5rd","description":"","publisher":{"@id":"https:\/\/rabylundsgard.se\/en\/#organization"},"potentialAction":[{"@type":"SearchAction","target":{"@type":"EntryPoint","urlTemplate":"https:\/\/rabylundsgard.se\/en\/?s={search_term_string}"},"query-input":{"@type":"PropertyValueSpecification","valueRequired":true,"valueName":"search_term_string"}}],"inLanguage":"en-US"},{"@type":"Organization","@id":"https:\/\/rabylundsgard.se\/en\/#organization","name":"R\u00e5bylunds G\u00e5rd","url":"https:\/\/rabylundsgard.se\/en\/","logo":{"@type":"ImageObject","inLanguage":"en-US","@id":"https:\/\/rabylundsgard.se\/en\/#\/schema\/logo\/image\/","url":"https:\/\/rabylundsgard.se\/wp-content\/uploads\/2021\/09\/logo-word.png","contentUrl":"https:\/\/rabylundsgard.se\/wp-content\/uploads\/2021\/09\/logo-word.png","width":1000,"height":196,"caption":"R\u00e5bylunds G\u00e5rd"},"image":{"@id":"https:\/\/rabylundsgard.se\/en\/#\/schema\/logo\/image\/"}}]}},"_links":{"self":[{"href":"https:\/\/rabylundsgard.se\/en\/wp-json\/wp\/v2\/pages\/81398","targetHints":{"allow":["GET"]}}],"collection":[{"href":"https:\/\/rabylundsgard.se\/en\/wp-json\/wp\/v2\/pages"}],"about":[{"href":"https:\/\/rabylundsgard.se\/en\/wp-json\/wp\/v2\/types\/page"}],"author":[{"embeddable":true,"href":"https:\/\/rabylundsgard.se\/en\/wp-json\/wp\/v2\/users\/6"}],"replies":[{"embeddable":true,"href":"https:\/\/rabylundsgard.se\/en\/wp-json\/wp\/v2\/comments?post=81398"}],"version-history":[{"count":10,"href":"https:\/\/rabylundsgard.se\/en\/wp-json\/wp\/v2\/pages\/81398\/revisions"}],"predecessor-version":[{"id":81667,"href":"https:\/\/rabylundsgard.se\/en\/wp-json\/wp\/v2\/pages\/81398\/revisions\/81667"}],"wp:attachment":[{"href":"https:\/\/rabylundsgard.se\/en\/wp-json\/wp\/v2\/media?parent=81398"}],"curies":[{"name":"wp","href":"https:\/\/api.w.org\/{rel}","templated":true}]}}