{"id":81395,"date":"2026-04-14T16:22:42","date_gmt":"2026-04-14T16:22:42","guid":{"rendered":"https:\/\/rabylundsgard.se\/about-us\/"},"modified":"2026-04-14T16:22:43","modified_gmt":"2026-04-14T16:22:43","slug":"about-us","status":"publish","type":"page","link":"https:\/\/rabylundsgard.se\/en\/about-us\/","title":{"rendered":"About Us"},"content":{"rendered":"<div class=\"fusion-fullwidth fullwidth-box fusion-builder-row-1 fusion-flex-container nonhundred-percent-fullwidth non-hundred-percent-height-scrolling\" style=\"--awb-border-radius-top-left:0px;--awb-border-radius-top-right:0px;--awb-border-radius-bottom-right:0px;--awb-border-radius-bottom-left:0px;--awb-margin-bottom:45px;--awb-flex-wrap:wrap;\" ><div class=\"fusion-builder-row fusion-row fusion-flex-align-items-flex-start fusion-flex-content-wrap\" style=\"max-width:1248px;margin-left: calc(-4% \/ 2 );margin-right: calc(-4% \/ 2 );\"><div class=\"fusion-layout-column fusion_builder_column fusion-builder-column-0 fusion_builder_column_1_2 1_2 fusion-flex-column\" style=\"--awb-bg-size:cover;--awb-width-large:50%;--awb-margin-top-large:0px;--awb-spacing-right-large:3.84%;--awb-margin-bottom-large:0px;--awb-spacing-left-large:3.84%;--awb-width-medium:50%;--awb-spacing-right-medium:3.84%;--awb-spacing-left-medium:3.84%;--awb-width-small:100%;--awb-spacing-right-small:1.92%;--awb-spacing-left-small:1.92%;\"><div class=\"fusion-column-wrapper fusion-flex-justify-content-flex-start fusion-content-layout-column\"><div class=\"fusion-text fusion-text-1\"><h1 data-fontsize=\"36\" style=\"--fontSize: 36; line-height: var(--awb-typography1-line-height); font-size: 36px;\" data-lineheight=\"43.2px\" class=\"fusion-responsive-typography-calculated\">About R\u00e5bylunds G\u00e5rd<\/h1>\n<h3 data-fontsize=\"26\" style=\"--fontSize: 26; line-height: 1; font-size: 26px;\" data-lineheight=\"31.2px\" class=\"fusion-responsive-typography-calculated\">History<\/h3>\n<p>The farm was purchased from church ownership in 1785, but the family that still operates the farm arrived in Stora R\u00e5by as early as the 17th century. The current owner, H\u00e5kan K P\u00e5lsson, was born on the farm and returned in 2003 after years of study in Lund, mobile adventures in Switzerland, spa experiences in V\u00e4sterbotten, and management years in Stockholm. Extensive renovation work has been carried out since then \u2013 all of the farm&#8217;s buildings have been renovated, rebuilt, and expanded. <a href=\"https:\/\/rabylundsgard.se\/var-historia\/\"><b>You can find more about the farm&#8217;s history here.<\/b><\/a><\/p>\n<\/div><div class=\"fusion-text fusion-text-2\"><h3>What We Offer<\/h3>\n<p>R\u00e5bylunds G\u00e5rd is a meeting place for both business clients and private customers in the village of Stora R\u00e5by, just outside Lund! We offer conference facilities, a restaurant, a lounge, a workspace, and accommodation \u2013 all in one.<\/p>\n<p>The farm features a restaurant with seating for approximately 100 dining guests, offering access to an outdoor seating area with views of R\u00e5bylundsparken and R\u00e5bysj\u00f6n. The farm offers four conference rooms of varying sizes and four smaller group rooms. There are 31 office modules, approximately 20 seats in our open-plan office, and 15 apartments and a villa available for rent. In addition, larger office spaces are available for rent.<\/p>\n<\/div><div class=\"fusion-text fusion-text-3\"><h3 data-fontsize=\"26\" style=\"--fontSize: 26; line-height: 1; font-size: 26px;\" data-lineheight=\"31.2px\" class=\"fusion-responsive-typography-calculated\">Our Vision<\/h3>\n<p>We aim to inspire our guests with memorable meetings, knowledge, great and small experiences, creativity, and joy. We believe our environment is conducive to just that. With us, it should feel like &#8220;coming home.&#8221; <span style=\"letter-spacing: 0.24px; background-color: rgba(0, 0, 0, 0);\">Welcome to R\u00e5bylunds G\u00e5rd!<\/span><\/p>\n<p>H\u00e5kan K. P\u00e5lsson<\/p>\n<\/div><\/div><\/div><div class=\"fusion-layout-column fusion_builder_column fusion-builder-column-1 fusion_builder_column_1_2 1_2 fusion-flex-column\" style=\"--awb-bg-size:cover;--awb-width-large:50%;--awb-margin-top-large:0px;--awb-spacing-right-large:3.84%;--awb-margin-bottom-large:0px;--awb-spacing-left-large:3.84%;--awb-width-medium:50%;--awb-spacing-right-medium:3.84%;--awb-spacing-left-medium:3.84%;--awb-width-small:100%;--awb-spacing-right-small:1.92%;--awb-spacing-left-small:1.92%;\"><div class=\"fusion-column-wrapper fusion-flex-justify-content-flex-start fusion-content-layout-column\"><div class=\"fusion-image-element \" style=\"--awb-caption-title-font-family:var(--h2_typography-font-family);--awb-caption-title-font-weight:var(--h2_typography-font-weight);--awb-caption-title-font-style:var(--h2_typography-font-style);--awb-caption-title-size:var(--h2_typography-font-size);--awb-caption-title-transform:var(--h2_typography-text-transform);--awb-caption-title-line-height:var(--h2_typography-line-height);--awb-caption-title-letter-spacing:var(--h2_typography-letter-spacing);\"><span class=\" fusion-imageframe imageframe-none imageframe-1 hover-type-none\"><img decoding=\"async\" width=\"900\" height=\"1447\" title=\"H\u00e5kan K P\u00e5lsson R\u00e5bylunds G\u00e5rd\" src=\"https:\/\/rabylundsgard.se\/wp-content\/uploads\/2021\/10\/DSC2173web.jpg\" alt class=\"img-responsive wp-image-81524\" srcset=\"https:\/\/rabylundsgard.se\/wp-content\/uploads\/2021\/10\/DSC2173web-187x300.jpg 187w, https:\/\/rabylundsgard.se\/wp-content\/uploads\/2021\/10\/DSC2173web-637x1024.jpg 637w, https:\/\/rabylundsgard.se\/wp-content\/uploads\/2021\/10\/DSC2173web-768x1235.jpg 768w, https:\/\/rabylundsgard.se\/wp-content\/uploads\/2021\/10\/DSC2173web.jpg 900w\" sizes=\"(max-width: 900px) 100vw, 900px\" \/><\/span><\/div><\/div><\/div><\/div><\/div>\n","protected":false},"excerpt":{"rendered":"","protected":false},"author":6,"featured_media":0,"parent":0,"menu_order":0,"comment_status":"closed","ping_status":"closed","template":"100-width.php","meta":{"_monsterinsights_skip_tracking":false,"_monsterinsights_sitenote_active":false,"_monsterinsights_sitenote_note":"","_monsterinsights_sitenote_category":0,"footnotes":""},"class_list":["post-81395","page","type-page","status-publish","hentry"],"yoast_head":"<!-- This site is optimized with the Yoast SEO plugin v27.4 - https:\/\/yoast.com\/product\/yoast-seo-wordpress\/ -->\n<title>About Us - R\u00e5bylunds G\u00e5rd<\/title>\n<meta name=\"robots\" content=\"index, follow, max-snippet:-1, max-image-preview:large, max-video-preview:-1\" \/>\n<link rel=\"canonical\" href=\"https:\/\/rabylundsgard.se\/en\/about-us\/\" \/>\n<meta property=\"og:locale\" content=\"en_US\" \/>\n<meta property=\"og:type\" content=\"article\" \/>\n<meta property=\"og:title\" content=\"About Us - R\u00e5bylunds G\u00e5rd\" \/>\n<meta property=\"og:url\" content=\"https:\/\/rabylundsgard.se\/en\/about-us\/\" \/>\n<meta property=\"og:site_name\" content=\"R\u00e5bylunds G\u00e5rd\" \/>\n<meta property=\"article:modified_time\" content=\"2026-04-14T16:22:43+00:00\" \/>\n<meta name=\"twitter:card\" content=\"summary_large_image\" \/>\n<meta name=\"twitter:label1\" content=\"Est. reading time\" \/>\n\t<meta name=\"twitter:data1\" content=\"3 minutes\" \/>\n<script type=\"application\/ld+json\" class=\"yoast-schema-graph\">{\"@context\":\"https:\\\/\\\/schema.org\",\"@graph\":[{\"@type\":\"WebPage\",\"@id\":\"https:\\\/\\\/rabylundsgard.se\\\/en\\\/about-us\\\/\",\"url\":\"https:\\\/\\\/rabylundsgard.se\\\/en\\\/about-us\\\/\",\"name\":\"About Us - R\u00e5bylunds G\u00e5rd\",\"isPartOf\":{\"@id\":\"https:\\\/\\\/rabylundsgard.se\\\/en\\\/#website\"},\"datePublished\":\"2026-04-14T16:22:42+00:00\",\"dateModified\":\"2026-04-14T16:22:43+00:00\",\"breadcrumb\":{\"@id\":\"https:\\\/\\\/rabylundsgard.se\\\/en\\\/about-us\\\/#breadcrumb\"},\"inLanguage\":\"en-US\",\"potentialAction\":[{\"@type\":\"ReadAction\",\"target\":[\"https:\\\/\\\/rabylundsgard.se\\\/en\\\/about-us\\\/\"]}]},{\"@type\":\"BreadcrumbList\",\"@id\":\"https:\\\/\\\/rabylundsgard.se\\\/en\\\/about-us\\\/#breadcrumb\",\"itemListElement\":[{\"@type\":\"ListItem\",\"position\":1,\"name\":\"Hem\",\"item\":\"https:\\\/\\\/rabylundsgard.se\\\/en\\\/\"},{\"@type\":\"ListItem\",\"position\":2,\"name\":\"About Us\"}]},{\"@type\":\"WebSite\",\"@id\":\"https:\\\/\\\/rabylundsgard.se\\\/en\\\/#website\",\"url\":\"https:\\\/\\\/rabylundsgard.se\\\/en\\\/\",\"name\":\"R\u00e5bylunds G\u00e5rd\",\"description\":\"\",\"publisher\":{\"@id\":\"https:\\\/\\\/rabylundsgard.se\\\/en\\\/#organization\"},\"potentialAction\":[{\"@type\":\"SearchAction\",\"target\":{\"@type\":\"EntryPoint\",\"urlTemplate\":\"https:\\\/\\\/rabylundsgard.se\\\/en\\\/?s={search_term_string}\"},\"query-input\":{\"@type\":\"PropertyValueSpecification\",\"valueRequired\":true,\"valueName\":\"search_term_string\"}}],\"inLanguage\":\"en-US\"},{\"@type\":\"Organization\",\"@id\":\"https:\\\/\\\/rabylundsgard.se\\\/en\\\/#organization\",\"name\":\"R\u00e5bylunds G\u00e5rd\",\"url\":\"https:\\\/\\\/rabylundsgard.se\\\/en\\\/\",\"logo\":{\"@type\":\"ImageObject\",\"inLanguage\":\"en-US\",\"@id\":\"https:\\\/\\\/rabylundsgard.se\\\/en\\\/#\\\/schema\\\/logo\\\/image\\\/\",\"url\":\"https:\\\/\\\/rabylundsgard.se\\\/wp-content\\\/uploads\\\/2021\\\/09\\\/logo-word.png\",\"contentUrl\":\"https:\\\/\\\/rabylundsgard.se\\\/wp-content\\\/uploads\\\/2021\\\/09\\\/logo-word.png\",\"width\":1000,\"height\":196,\"caption\":\"R\u00e5bylunds G\u00e5rd\"},\"image\":{\"@id\":\"https:\\\/\\\/rabylundsgard.se\\\/en\\\/#\\\/schema\\\/logo\\\/image\\\/\"}}]}<\/script>\n<!-- \/ Yoast SEO plugin. -->","yoast_head_json":{"title":"About Us - R\u00e5bylunds G\u00e5rd","robots":{"index":"index","follow":"follow","max-snippet":"max-snippet:-1","max-image-preview":"max-image-preview:large","max-video-preview":"max-video-preview:-1"},"canonical":"https:\/\/rabylundsgard.se\/en\/about-us\/","og_locale":"en_US","og_type":"article","og_title":"About Us - R\u00e5bylunds G\u00e5rd","og_url":"https:\/\/rabylundsgard.se\/en\/about-us\/","og_site_name":"R\u00e5bylunds G\u00e5rd","article_modified_time":"2026-04-14T16:22:43+00:00","twitter_card":"summary_large_image","twitter_misc":{"Est. reading time":"3 minutes"},"schema":{"@context":"https:\/\/schema.org","@graph":[{"@type":"WebPage","@id":"https:\/\/rabylundsgard.se\/en\/about-us\/","url":"https:\/\/rabylundsgard.se\/en\/about-us\/","name":"About Us - R\u00e5bylunds G\u00e5rd","isPartOf":{"@id":"https:\/\/rabylundsgard.se\/en\/#website"},"datePublished":"2026-04-14T16:22:42+00:00","dateModified":"2026-04-14T16:22:43+00:00","breadcrumb":{"@id":"https:\/\/rabylundsgard.se\/en\/about-us\/#breadcrumb"},"inLanguage":"en-US","potentialAction":[{"@type":"ReadAction","target":["https:\/\/rabylundsgard.se\/en\/about-us\/"]}]},{"@type":"BreadcrumbList","@id":"https:\/\/rabylundsgard.se\/en\/about-us\/#breadcrumb","itemListElement":[{"@type":"ListItem","position":1,"name":"Hem","item":"https:\/\/rabylundsgard.se\/en\/"},{"@type":"ListItem","position":2,"name":"About Us"}]},{"@type":"WebSite","@id":"https:\/\/rabylundsgard.se\/en\/#website","url":"https:\/\/rabylundsgard.se\/en\/","name":"R\u00e5bylunds G\u00e5rd","description":"","publisher":{"@id":"https:\/\/rabylundsgard.se\/en\/#organization"},"potentialAction":[{"@type":"SearchAction","target":{"@type":"EntryPoint","urlTemplate":"https:\/\/rabylundsgard.se\/en\/?s={search_term_string}"},"query-input":{"@type":"PropertyValueSpecification","valueRequired":true,"valueName":"search_term_string"}}],"inLanguage":"en-US"},{"@type":"Organization","@id":"https:\/\/rabylundsgard.se\/en\/#organization","name":"R\u00e5bylunds G\u00e5rd","url":"https:\/\/rabylundsgard.se\/en\/","logo":{"@type":"ImageObject","inLanguage":"en-US","@id":"https:\/\/rabylundsgard.se\/en\/#\/schema\/logo\/image\/","url":"https:\/\/rabylundsgard.se\/wp-content\/uploads\/2021\/09\/logo-word.png","contentUrl":"https:\/\/rabylundsgard.se\/wp-content\/uploads\/2021\/09\/logo-word.png","width":1000,"height":196,"caption":"R\u00e5bylunds G\u00e5rd"},"image":{"@id":"https:\/\/rabylundsgard.se\/en\/#\/schema\/logo\/image\/"}}]}},"_links":{"self":[{"href":"https:\/\/rabylundsgard.se\/en\/wp-json\/wp\/v2\/pages\/81395","targetHints":{"allow":["GET"]}}],"collection":[{"href":"https:\/\/rabylundsgard.se\/en\/wp-json\/wp\/v2\/pages"}],"about":[{"href":"https:\/\/rabylundsgard.se\/en\/wp-json\/wp\/v2\/types\/page"}],"author":[{"embeddable":true,"href":"https:\/\/rabylundsgard.se\/en\/wp-json\/wp\/v2\/users\/6"}],"replies":[{"embeddable":true,"href":"https:\/\/rabylundsgard.se\/en\/wp-json\/wp\/v2\/comments?post=81395"}],"version-history":[{"count":3,"href":"https:\/\/rabylundsgard.se\/en\/wp-json\/wp\/v2\/pages\/81395\/revisions"}],"predecessor-version":[{"id":81407,"href":"https:\/\/rabylundsgard.se\/en\/wp-json\/wp\/v2\/pages\/81395\/revisions\/81407"}],"wp:attachment":[{"href":"https:\/\/rabylundsgard.se\/en\/wp-json\/wp\/v2\/media?parent=81395"}],"curies":[{"name":"wp","href":"https:\/\/api.w.org\/{rel}","templated":true}]}}