{"id":81386,"date":"2026-04-14T16:22:32","date_gmt":"2026-04-14T16:22:32","guid":{"rendered":"https:\/\/rabylundsgard.se\/conference-room-holoftet\/"},"modified":"2026-04-14T16:22:36","modified_gmt":"2026-04-14T16:22:36","slug":"conference-room-holoftet","status":"publish","type":"page","link":"https:\/\/rabylundsgard.se\/en\/conference-room-holoftet\/","title":{"rendered":"Conference room H\u00f6loftet"},"content":{"rendered":"<p><div class=\"fusion-fullwidth fullwidth-box fusion-builder-row-1 fusion-flex-container has-pattern-background has-mask-background nonhundred-percent-fullwidth non-hundred-percent-height-scrolling\" style=\"--awb-border-radius-top-left:0px;--awb-border-radius-top-right:0px;--awb-border-radius-bottom-right:0px;--awb-border-radius-bottom-left:0px;--awb-margin-bottom:30px;--awb-flex-wrap:wrap;\" ><div class=\"fusion-builder-row fusion-row fusion-flex-align-items-flex-start fusion-flex-content-wrap\" style=\"max-width:1248px;margin-left: calc(-4% \/ 2 );margin-right: calc(-4% \/ 2 );\"><div class=\"fusion-layout-column fusion_builder_column fusion-builder-column-0 fusion_builder_column_4_5 4_5 fusion-flex-column\" style=\"--awb-bg-size:cover;--awb-width-large:80%;--awb-margin-top-large:0px;--awb-spacing-right-large:2.4%;--awb-margin-bottom-large:20px;--awb-spacing-left-large:2.4%;--awb-width-medium:80%;--awb-order-medium:0;--awb-spacing-right-medium:2.4%;--awb-spacing-left-medium:2.4%;--awb-width-small:100%;--awb-order-small:0;--awb-spacing-right-small:1.92%;--awb-spacing-left-small:1.92%;\"><div class=\"fusion-column-wrapper fusion-column-has-shadow fusion-flex-justify-content-flex-start fusion-content-layout-column\"><div class=\"fusion-text fusion-text-1\"><h1 data-fontsize=\"38\" style=\"--fontSize: 38; line-height: 1.2;\" data-lineheight=\"45.6px\" class=\"fusion-responsive-typography-calculated\">H\u00f6loftet<\/h1>\n<p>Welcome to H\u00f6loftet \u2013 our exclusive conference room located at the very top of the building, offering a unique and inspiring atmosphere for your meetings and events. H\u00f6loftet spans two spacious rooms, each with its own character and function. <\/p>\n<p>In the first room, you are welcomed by a relaxed lounge area, complete with comfortable sofas that invite both relaxation and creative discussions. Here, you can choose to start the day with a more informal meeting style, or simply enjoy a moment of rest before you immerse yourselves in your work. Our flexible screen makes it easy to adapt the space to different needs and activities.  <\/p>\n<p>The second part of H\u00f6loftet offers a more structured seating arrangement, perfect for formal meetings or presentations. There is also access to a balcony where you can take a break and enjoy fresh air and a magnificent view. Why not continue the discussions outdoors when the weather allows and the sun is shining?  <\/p>\n<p>With additional amenities such as a private coffee maker, a stocked fridge with refreshments, and the ability to take care of your needs independently throughout the day, you will feel at home at H\u00f6loftet. However, do not forget to take a break and enjoy a delicious lunch in our pleasant restaurant on the ground floor. <\/p>\n<p>Whether you need space for a board meeting or a larger presentation, H\u00f6loftet can accommodate up to 22 people in theatre-style seating or 16 people in a U-shape, with the option to adapt the setup for up to 20 people in classroom-style seating and 12 people at a boardroom table.<\/p>\n<p>At H\u00f6loftet, you will find Wi-Fi, notepads and pens, Post-its, water, a screen with speakers, and a flip chart. On request, we can provide a camera, speakers, etc. Please let us know well in advance of your conference, and we will arrange it.  <\/p>\n<\/div><\/div><\/div><\/div><\/div><div class=\"fusion-fullwidth fullwidth-box fusion-builder-row-2 fusion-flex-container has-pattern-background has-mask-background nonhundred-percent-fullwidth non-hundred-percent-height-scrolling\" style=\"--awb-border-radius-top-left:0px;--awb-border-radius-top-right:0px;--awb-border-radius-bottom-right:0px;--awb-border-radius-bottom-left:0px;--awb-margin-bottom:30px;--awb-flex-wrap:wrap;\" ><div class=\"fusion-builder-row fusion-row fusion-flex-align-items-flex-start fusion-flex-content-wrap\" style=\"max-width:1248px;margin-left: calc(-4% \/ 2 );margin-right: calc(-4% \/ 2 );\"><div class=\"fusion-layout-column fusion_builder_column fusion-builder-column-1 fusion_builder_column_1_2 1_2 fusion-flex-column\" style=\"--awb-bg-size:cover;--awb-width-large:50%;--awb-margin-top-large:0px;--awb-spacing-right-large:3.84%;--awb-margin-bottom-large:20px;--awb-spacing-left-large:3.84%;--awb-width-medium:50%;--awb-order-medium:0;--awb-spacing-right-medium:3.84%;--awb-spacing-left-medium:3.84%;--awb-width-small:100%;--awb-order-small:0;--awb-spacing-right-small:1.92%;--awb-spacing-left-small:1.92%;\"><div class=\"fusion-column-wrapper fusion-column-has-shadow fusion-flex-justify-content-flex-start fusion-content-layout-column\"><div class=\"fusion-image-element \" style=\"--awb-caption-title-font-family:var(--h2_typography-font-family);--awb-caption-title-font-weight:var(--h2_typography-font-weight);--awb-caption-title-font-style:var(--h2_typography-font-style);--awb-caption-title-size:var(--h2_typography-font-size);--awb-caption-title-transform:var(--h2_typography-text-transform);--awb-caption-title-line-height:var(--h2_typography-line-height);--awb-caption-title-letter-spacing:var(--h2_typography-letter-spacing);\"><span class=\" fusion-imageframe imageframe-none imageframe-1 hover-type-none\"><img decoding=\"async\" width=\"2000\" height=\"1333\" title=\"R\u00e5bylunds G\u00e5rd Konferens H\u00f6loftet\" src=\"https:\/\/rabylundsgard.se\/wp-content\/uploads\/2026\/04\/DSC01978webb.jpg\" alt class=\"img-responsive wp-image-81310\" srcset=\"https:\/\/rabylundsgard.se\/wp-content\/uploads\/2026\/04\/DSC01978webb-200x133.jpg 200w, https:\/\/rabylundsgard.se\/wp-content\/uploads\/2026\/04\/DSC01978webb-400x267.jpg 400w, https:\/\/rabylundsgard.se\/wp-content\/uploads\/2026\/04\/DSC01978webb-600x400.jpg 600w, https:\/\/rabylundsgard.se\/wp-content\/uploads\/2026\/04\/DSC01978webb-800x533.jpg 800w, https:\/\/rabylundsgard.se\/wp-content\/uploads\/2026\/04\/DSC01978webb-1200x800.jpg 1200w, https:\/\/rabylundsgard.se\/wp-content\/uploads\/2026\/04\/DSC01978webb.jpg 2000w\" sizes=\"(max-width: 640px) 100vw, 600px\" \/><\/span><\/div><\/div><\/div><div class=\"fusion-layout-column fusion_builder_column fusion-builder-column-2 fusion_builder_column_1_2 1_2 fusion-flex-column\" style=\"--awb-bg-size:cover;--awb-width-large:50%;--awb-margin-top-large:0px;--awb-spacing-right-large:3.84%;--awb-margin-bottom-large:20px;--awb-spacing-left-large:3.84%;--awb-width-medium:50%;--awb-order-medium:0;--awb-spacing-right-medium:3.84%;--awb-spacing-left-medium:3.84%;--awb-width-small:100%;--awb-order-small:0;--awb-spacing-right-small:1.92%;--awb-spacing-left-small:1.92%;\"><div class=\"fusion-column-wrapper fusion-column-has-shadow fusion-flex-justify-content-flex-start fusion-content-layout-column\"><div class=\"fusion-image-element \" style=\"--awb-caption-title-font-family:var(--h2_typography-font-family);--awb-caption-title-font-weight:var(--h2_typography-font-weight);--awb-caption-title-font-style:var(--h2_typography-font-style);--awb-caption-title-size:var(--h2_typography-font-size);--awb-caption-title-transform:var(--h2_typography-text-transform);--awb-caption-title-line-height:var(--h2_typography-line-height);--awb-caption-title-letter-spacing:var(--h2_typography-letter-spacing);\"><span class=\" fusion-imageframe imageframe-none imageframe-2 hover-type-none\"><img decoding=\"async\" width=\"2000\" height=\"1333\" title=\"R\u00e5bylunds G\u00e5rd Konferens\" src=\"https:\/\/rabylundsgard.se\/wp-content\/uploads\/2024\/04\/DSC01970web.jpg\" alt class=\"img-responsive wp-image-62743\" srcset=\"https:\/\/rabylundsgard.se\/wp-content\/uploads\/2024\/04\/DSC01970web-400x267.jpg 400w, https:\/\/rabylundsgard.se\/wp-content\/uploads\/2024\/04\/DSC01970web-1200x800.jpg 1200w, https:\/\/rabylundsgard.se\/wp-content\/uploads\/2024\/04\/DSC01970web.jpg 2000w\" sizes=\"(max-width: 640px) 100vw, 2000px\" \/><\/span><\/div><\/div><\/div><\/div><\/div><div class=\"fusion-fullwidth fullwidth-box fusion-builder-row-3 fusion-flex-container has-pattern-background has-mask-background nonhundred-percent-fullwidth non-hundred-percent-height-scrolling\" style=\"--awb-border-radius-top-left:0px;--awb-border-radius-top-right:0px;--awb-border-radius-bottom-right:0px;--awb-border-radius-bottom-left:0px;--awb-margin-bottom:30px;--awb-flex-wrap:wrap;\" ><div class=\"fusion-builder-row fusion-row fusion-flex-align-items-flex-start fusion-flex-content-wrap\" style=\"max-width:1248px;margin-left: calc(-4% \/ 2 );margin-right: calc(-4% \/ 2 );\"><div class=\"fusion-layout-column fusion_builder_column fusion-builder-column-3 fusion_builder_column_1_2 1_2 fusion-flex-column\" style=\"--awb-bg-size:cover;--awb-width-large:50%;--awb-margin-top-large:0px;--awb-spacing-right-large:3.84%;--awb-margin-bottom-large:20px;--awb-spacing-left-large:3.84%;--awb-width-medium:50%;--awb-order-medium:0;--awb-spacing-right-medium:3.84%;--awb-spacing-left-medium:3.84%;--awb-width-small:100%;--awb-order-small:0;--awb-spacing-right-small:1.92%;--awb-spacing-left-small:1.92%;\"><div class=\"fusion-column-wrapper fusion-column-has-shadow fusion-flex-justify-content-flex-start fusion-content-layout-column\"><div class=\"fusion-image-element \" style=\"--awb-caption-title-font-family:var(--h2_typography-font-family);--awb-caption-title-font-weight:var(--h2_typography-font-weight);--awb-caption-title-font-style:var(--h2_typography-font-style);--awb-caption-title-size:var(--h2_typography-font-size);--awb-caption-title-transform:var(--h2_typography-text-transform);--awb-caption-title-line-height:var(--h2_typography-line-height);--awb-caption-title-letter-spacing:var(--h2_typography-letter-spacing);\"><span class=\" fusion-imageframe imageframe-none imageframe-3 hover-type-none\"><img decoding=\"async\" width=\"2000\" height=\"1312\" title=\"R\u00e5bylunds G\u00e5rd Konferens\" src=\"https:\/\/rabylundsgard.se\/wp-content\/uploads\/2024\/04\/DSC01979web.jpg\" alt class=\"img-responsive wp-image-81611\" srcset=\"https:\/\/rabylundsgard.se\/wp-content\/uploads\/2024\/04\/DSC01979web-300x197.jpg 300w, https:\/\/rabylundsgard.se\/wp-content\/uploads\/2024\/04\/DSC01979web-768x504.jpg 768w, https:\/\/rabylundsgard.se\/wp-content\/uploads\/2024\/04\/DSC01979web-1000x656.jpg 1000w, https:\/\/rabylundsgard.se\/wp-content\/uploads\/2024\/04\/DSC01979web-1024x672.jpg 1024w, https:\/\/rabylundsgard.se\/wp-content\/uploads\/2024\/04\/DSC01979web-1280x840.jpg 1280w, https:\/\/rabylundsgard.se\/wp-content\/uploads\/2024\/04\/DSC01979web-1536x1008.jpg 1536w, https:\/\/rabylundsgard.se\/wp-content\/uploads\/2024\/04\/DSC01979web.jpg 2000w\" sizes=\"(max-width: 2000px) 100vw, 2000px\" \/><\/span><\/div><\/div><\/div><div class=\"fusion-layout-column fusion_builder_column fusion-builder-column-4 fusion_builder_column_1_2 1_2 fusion-flex-column\" style=\"--awb-bg-size:cover;--awb-width-large:50%;--awb-margin-top-large:0px;--awb-spacing-right-large:3.84%;--awb-margin-bottom-large:20px;--awb-spacing-left-large:3.84%;--awb-width-medium:50%;--awb-order-medium:0;--awb-spacing-right-medium:3.84%;--awb-spacing-left-medium:3.84%;--awb-width-small:100%;--awb-order-small:0;--awb-spacing-right-small:1.92%;--awb-spacing-left-small:1.92%;\"><div class=\"fusion-column-wrapper fusion-column-has-shadow fusion-flex-justify-content-flex-start fusion-content-layout-column\"><div class=\"fusion-image-element \" style=\"--awb-caption-title-font-family:var(--h2_typography-font-family);--awb-caption-title-font-weight:var(--h2_typography-font-weight);--awb-caption-title-font-style:var(--h2_typography-font-style);--awb-caption-title-size:var(--h2_typography-font-size);--awb-caption-title-transform:var(--h2_typography-text-transform);--awb-caption-title-line-height:var(--h2_typography-line-height);--awb-caption-title-letter-spacing:var(--h2_typography-letter-spacing);\"><span class=\" fusion-imageframe imageframe-none imageframe-4 hover-type-none\"><img decoding=\"async\" width=\"2000\" height=\"1333\" title=\"R\u00e5bylunds G\u00e5rd Konferens\" src=\"https:\/\/rabylundsgard.se\/wp-content\/uploads\/2024\/04\/DSC02005web-1.jpg\" alt class=\"img-responsive wp-image-81614\" srcset=\"https:\/\/rabylundsgard.se\/wp-content\/uploads\/2024\/04\/DSC02005web-1-300x200.jpg 300w, https:\/\/rabylundsgard.se\/wp-content\/uploads\/2024\/04\/DSC02005web-1-768x512.jpg 768w, https:\/\/rabylundsgard.se\/wp-content\/uploads\/2024\/04\/DSC02005web-1-1000x667.jpg 1000w, https:\/\/rabylundsgard.se\/wp-content\/uploads\/2024\/04\/DSC02005web-1-1024x682.jpg 1024w, https:\/\/rabylundsgard.se\/wp-content\/uploads\/2024\/04\/DSC02005web-1-1280x853.jpg 1280w, https:\/\/rabylundsgard.se\/wp-content\/uploads\/2024\/04\/DSC02005web-1-1536x1024.jpg 1536w, https:\/\/rabylundsgard.se\/wp-content\/uploads\/2024\/04\/DSC02005web-1-1800x1200.jpg 1800w, https:\/\/rabylundsgard.se\/wp-content\/uploads\/2024\/04\/DSC02005web-1.jpg 2000w\" sizes=\"(max-width: 2000px) 100vw, 2000px\" \/><\/span><\/div><\/div><\/div><\/div><\/div><div class=\"fusion-fullwidth fullwidth-box fusion-builder-row-4 fusion-flex-container has-pattern-background has-mask-background nonhundred-percent-fullwidth non-hundred-percent-height-scrolling\" style=\"--awb-border-radius-top-left:0px;--awb-border-radius-top-right:0px;--awb-border-radius-bottom-right:0px;--awb-border-radius-bottom-left:0px;--awb-margin-bottom:45px;--awb-flex-wrap:wrap;\" ><div class=\"fusion-builder-row fusion-row fusion-flex-align-items-flex-start fusion-flex-content-wrap\" style=\"max-width:1248px;margin-left: calc(-4% \/ 2 );margin-right: calc(-4% \/ 2 );\"><div class=\"fusion-layout-column fusion_builder_column fusion-builder-column-5 fusion_builder_column_1_1 1_1 fusion-flex-column\" style=\"--awb-bg-size:cover;--awb-width-large:100%;--awb-margin-top-large:0px;--awb-spacing-right-large:1.92%;--awb-margin-bottom-large:20px;--awb-spacing-left-large:1.92%;--awb-width-medium:100%;--awb-order-medium:0;--awb-spacing-right-medium:1.92%;--awb-spacing-left-medium:1.92%;--awb-width-small:100%;--awb-order-small:0;--awb-spacing-right-small:1.92%;--awb-spacing-left-small:1.92%;\"><div class=\"fusion-column-wrapper fusion-column-has-shadow fusion-flex-justify-content-flex-start fusion-content-layout-column\"><div class=\"fusion-image-element \" style=\"--awb-caption-title-font-family:var(--h2_typography-font-family);--awb-caption-title-font-weight:var(--h2_typography-font-weight);--awb-caption-title-font-style:var(--h2_typography-font-style);--awb-caption-title-size:var(--h2_typography-font-size);--awb-caption-title-transform:var(--h2_typography-text-transform);--awb-caption-title-line-height:var(--h2_typography-line-height);--awb-caption-title-letter-spacing:var(--h2_typography-letter-spacing);\"><span class=\" fusion-imageframe imageframe-none imageframe-5 hover-type-none\"><img decoding=\"async\" width=\"2000\" height=\"1460\" title=\"R\u00e5bylunds G\u00e5rd\" src=\"https:\/\/rabylundsgard.se\/wp-content\/uploads\/2024\/04\/DSC01986web.jpg\" alt class=\"img-responsive wp-image-62740\" srcset=\"https:\/\/rabylundsgard.se\/wp-content\/uploads\/2024\/04\/DSC01986web-94x70.jpg 94w, https:\/\/rabylundsgard.se\/wp-content\/uploads\/2024\/04\/DSC01986web-300x219.jpg 300w, https:\/\/rabylundsgard.se\/wp-content\/uploads\/2024\/04\/DSC01986web-768x561.jpg 768w, https:\/\/rabylundsgard.se\/wp-content\/uploads\/2024\/04\/DSC01986web-1000x730.jpg 1000w, https:\/\/rabylundsgard.se\/wp-content\/uploads\/2024\/04\/DSC01986web-1024x748.jpg 1024w, https:\/\/rabylundsgard.se\/wp-content\/uploads\/2024\/04\/DSC01986web-1280x934.jpg 1280w, https:\/\/rabylundsgard.se\/wp-content\/uploads\/2024\/04\/DSC01986web-1536x1121.jpg 1536w, https:\/\/rabylundsgard.se\/wp-content\/uploads\/2024\/04\/DSC01986web.jpg 2000w\" sizes=\"(max-width: 2000px) 100vw, 2000px\" \/><\/span><\/div><\/div><\/div><\/div><\/div><\/p>\n","protected":false},"excerpt":{"rendered":"","protected":false},"author":6,"featured_media":0,"parent":0,"menu_order":0,"comment_status":"closed","ping_status":"closed","template":"100-width.php","meta":{"_monsterinsights_skip_tracking":false,"_monsterinsights_sitenote_active":false,"_monsterinsights_sitenote_note":"","_monsterinsights_sitenote_category":0,"footnotes":""},"class_list":["post-81386","page","type-page","status-publish","hentry"],"yoast_head":"<!-- This site is optimized with the Yoast SEO plugin v27.4 - https:\/\/yoast.com\/product\/yoast-seo-wordpress\/ -->\n<title>Conference room H\u00f6loftet - R\u00e5bylunds G\u00e5rd<\/title>\n<meta name=\"robots\" content=\"index, follow, max-snippet:-1, max-image-preview:large, max-video-preview:-1\" \/>\n<link rel=\"canonical\" href=\"https:\/\/rabylundsgard.se\/en\/conference-room-holoftet\/\" \/>\n<meta property=\"og:locale\" content=\"en_US\" \/>\n<meta property=\"og:type\" content=\"article\" \/>\n<meta property=\"og:title\" content=\"Conference room H\u00f6loftet - R\u00e5bylunds G\u00e5rd\" \/>\n<meta property=\"og:url\" content=\"https:\/\/rabylundsgard.se\/en\/conference-room-holoftet\/\" \/>\n<meta property=\"og:site_name\" content=\"R\u00e5bylunds G\u00e5rd\" \/>\n<meta property=\"article:modified_time\" content=\"2026-04-14T16:22:36+00:00\" \/>\n<meta name=\"twitter:card\" content=\"summary_large_image\" \/>\n<meta name=\"twitter:label1\" content=\"Est. reading time\" \/>\n\t<meta name=\"twitter:data1\" content=\"18 minutes\" \/>\n<script type=\"application\/ld+json\" class=\"yoast-schema-graph\">{\"@context\":\"https:\\\/\\\/schema.org\",\"@graph\":[{\"@type\":\"WebPage\",\"@id\":\"https:\\\/\\\/rabylundsgard.se\\\/en\\\/conference-room-holoftet\\\/\",\"url\":\"https:\\\/\\\/rabylundsgard.se\\\/en\\\/conference-room-holoftet\\\/\",\"name\":\"Conference room H\u00f6loftet - R\u00e5bylunds G\u00e5rd\",\"isPartOf\":{\"@id\":\"https:\\\/\\\/rabylundsgard.se\\\/en\\\/#website\"},\"datePublished\":\"2026-04-14T16:22:32+00:00\",\"dateModified\":\"2026-04-14T16:22:36+00:00\",\"breadcrumb\":{\"@id\":\"https:\\\/\\\/rabylundsgard.se\\\/en\\\/conference-room-holoftet\\\/#breadcrumb\"},\"inLanguage\":\"en-US\",\"potentialAction\":[{\"@type\":\"ReadAction\",\"target\":[\"https:\\\/\\\/rabylundsgard.se\\\/en\\\/conference-room-holoftet\\\/\"]}]},{\"@type\":\"BreadcrumbList\",\"@id\":\"https:\\\/\\\/rabylundsgard.se\\\/en\\\/conference-room-holoftet\\\/#breadcrumb\",\"itemListElement\":[{\"@type\":\"ListItem\",\"position\":1,\"name\":\"Hem\",\"item\":\"https:\\\/\\\/rabylundsgard.se\\\/en\\\/\"},{\"@type\":\"ListItem\",\"position\":2,\"name\":\"Conference room H\u00f6loftet\"}]},{\"@type\":\"WebSite\",\"@id\":\"https:\\\/\\\/rabylundsgard.se\\\/en\\\/#website\",\"url\":\"https:\\\/\\\/rabylundsgard.se\\\/en\\\/\",\"name\":\"R\u00e5bylunds G\u00e5rd\",\"description\":\"\",\"publisher\":{\"@id\":\"https:\\\/\\\/rabylundsgard.se\\\/en\\\/#organization\"},\"potentialAction\":[{\"@type\":\"SearchAction\",\"target\":{\"@type\":\"EntryPoint\",\"urlTemplate\":\"https:\\\/\\\/rabylundsgard.se\\\/en\\\/?s={search_term_string}\"},\"query-input\":{\"@type\":\"PropertyValueSpecification\",\"valueRequired\":true,\"valueName\":\"search_term_string\"}}],\"inLanguage\":\"en-US\"},{\"@type\":\"Organization\",\"@id\":\"https:\\\/\\\/rabylundsgard.se\\\/en\\\/#organization\",\"name\":\"R\u00e5bylunds G\u00e5rd\",\"url\":\"https:\\\/\\\/rabylundsgard.se\\\/en\\\/\",\"logo\":{\"@type\":\"ImageObject\",\"inLanguage\":\"en-US\",\"@id\":\"https:\\\/\\\/rabylundsgard.se\\\/en\\\/#\\\/schema\\\/logo\\\/image\\\/\",\"url\":\"https:\\\/\\\/rabylundsgard.se\\\/wp-content\\\/uploads\\\/2021\\\/09\\\/logo-word.png\",\"contentUrl\":\"https:\\\/\\\/rabylundsgard.se\\\/wp-content\\\/uploads\\\/2021\\\/09\\\/logo-word.png\",\"width\":1000,\"height\":196,\"caption\":\"R\u00e5bylunds G\u00e5rd\"},\"image\":{\"@id\":\"https:\\\/\\\/rabylundsgard.se\\\/en\\\/#\\\/schema\\\/logo\\\/image\\\/\"}}]}<\/script>\n<!-- \/ Yoast SEO plugin. -->","yoast_head_json":{"title":"Conference room H\u00f6loftet - R\u00e5bylunds G\u00e5rd","robots":{"index":"index","follow":"follow","max-snippet":"max-snippet:-1","max-image-preview":"max-image-preview:large","max-video-preview":"max-video-preview:-1"},"canonical":"https:\/\/rabylundsgard.se\/en\/conference-room-holoftet\/","og_locale":"en_US","og_type":"article","og_title":"Conference room H\u00f6loftet - R\u00e5bylunds G\u00e5rd","og_url":"https:\/\/rabylundsgard.se\/en\/conference-room-holoftet\/","og_site_name":"R\u00e5bylunds G\u00e5rd","article_modified_time":"2026-04-14T16:22:36+00:00","twitter_card":"summary_large_image","twitter_misc":{"Est. reading time":"18 minutes"},"schema":{"@context":"https:\/\/schema.org","@graph":[{"@type":"WebPage","@id":"https:\/\/rabylundsgard.se\/en\/conference-room-holoftet\/","url":"https:\/\/rabylundsgard.se\/en\/conference-room-holoftet\/","name":"Conference room H\u00f6loftet - R\u00e5bylunds G\u00e5rd","isPartOf":{"@id":"https:\/\/rabylundsgard.se\/en\/#website"},"datePublished":"2026-04-14T16:22:32+00:00","dateModified":"2026-04-14T16:22:36+00:00","breadcrumb":{"@id":"https:\/\/rabylundsgard.se\/en\/conference-room-holoftet\/#breadcrumb"},"inLanguage":"en-US","potentialAction":[{"@type":"ReadAction","target":["https:\/\/rabylundsgard.se\/en\/conference-room-holoftet\/"]}]},{"@type":"BreadcrumbList","@id":"https:\/\/rabylundsgard.se\/en\/conference-room-holoftet\/#breadcrumb","itemListElement":[{"@type":"ListItem","position":1,"name":"Hem","item":"https:\/\/rabylundsgard.se\/en\/"},{"@type":"ListItem","position":2,"name":"Conference room H\u00f6loftet"}]},{"@type":"WebSite","@id":"https:\/\/rabylundsgard.se\/en\/#website","url":"https:\/\/rabylundsgard.se\/en\/","name":"R\u00e5bylunds G\u00e5rd","description":"","publisher":{"@id":"https:\/\/rabylundsgard.se\/en\/#organization"},"potentialAction":[{"@type":"SearchAction","target":{"@type":"EntryPoint","urlTemplate":"https:\/\/rabylundsgard.se\/en\/?s={search_term_string}"},"query-input":{"@type":"PropertyValueSpecification","valueRequired":true,"valueName":"search_term_string"}}],"inLanguage":"en-US"},{"@type":"Organization","@id":"https:\/\/rabylundsgard.se\/en\/#organization","name":"R\u00e5bylunds G\u00e5rd","url":"https:\/\/rabylundsgard.se\/en\/","logo":{"@type":"ImageObject","inLanguage":"en-US","@id":"https:\/\/rabylundsgard.se\/en\/#\/schema\/logo\/image\/","url":"https:\/\/rabylundsgard.se\/wp-content\/uploads\/2021\/09\/logo-word.png","contentUrl":"https:\/\/rabylundsgard.se\/wp-content\/uploads\/2021\/09\/logo-word.png","width":1000,"height":196,"caption":"R\u00e5bylunds G\u00e5rd"},"image":{"@id":"https:\/\/rabylundsgard.se\/en\/#\/schema\/logo\/image\/"}}]}},"_links":{"self":[{"href":"https:\/\/rabylundsgard.se\/en\/wp-json\/wp\/v2\/pages\/81386","targetHints":{"allow":["GET"]}}],"collection":[{"href":"https:\/\/rabylundsgard.se\/en\/wp-json\/wp\/v2\/pages"}],"about":[{"href":"https:\/\/rabylundsgard.se\/en\/wp-json\/wp\/v2\/types\/page"}],"author":[{"embeddable":true,"href":"https:\/\/rabylundsgard.se\/en\/wp-json\/wp\/v2\/users\/6"}],"replies":[{"embeddable":true,"href":"https:\/\/rabylundsgard.se\/en\/wp-json\/wp\/v2\/comments?post=81386"}],"version-history":[{"count":7,"href":"https:\/\/rabylundsgard.se\/en\/wp-json\/wp\/v2\/pages\/81386\/revisions"}],"predecessor-version":[{"id":81394,"href":"https:\/\/rabylundsgard.se\/en\/wp-json\/wp\/v2\/pages\/81386\/revisions\/81394"}],"wp:attachment":[{"href":"https:\/\/rabylundsgard.se\/en\/wp-json\/wp\/v2\/media?parent=81386"}],"curies":[{"name":"wp","href":"https:\/\/api.w.org\/{rel}","templated":true}]}}