{"id":81366,"date":"2026-04-14T16:22:14","date_gmt":"2026-04-14T16:22:14","guid":{"rendered":"https:\/\/rabylundsgard.se\/conference-room-logen\/"},"modified":"2026-04-14T16:22:18","modified_gmt":"2026-04-14T16:22:18","slug":"conference-room-logen","status":"publish","type":"page","link":"https:\/\/rabylundsgard.se\/en\/conference-room-logen\/","title":{"rendered":"Conference Room Logen"},"content":{"rendered":"<p><div class=\"fusion-fullwidth fullwidth-box fusion-builder-row-1 fusion-flex-container has-pattern-background has-mask-background nonhundred-percent-fullwidth non-hundred-percent-height-scrolling\" style=\"--awb-border-radius-top-left:0px;--awb-border-radius-top-right:0px;--awb-border-radius-bottom-right:0px;--awb-border-radius-bottom-left:0px;--awb-margin-bottom:30px;--awb-flex-wrap:wrap;\" ><div class=\"fusion-builder-row fusion-row fusion-flex-align-items-flex-start fusion-flex-content-wrap\" style=\"max-width:1248px;margin-left: calc(-4% \/ 2 );margin-right: calc(-4% \/ 2 );\"><div class=\"fusion-layout-column fusion_builder_column fusion-builder-column-0 fusion_builder_column_4_5 4_5 fusion-flex-column\" style=\"--awb-bg-size:cover;--awb-width-large:80%;--awb-margin-top-large:0px;--awb-spacing-right-large:2.4%;--awb-margin-bottom-large:20px;--awb-spacing-left-large:2.4%;--awb-width-medium:80%;--awb-order-medium:0;--awb-spacing-right-medium:2.4%;--awb-spacing-left-medium:2.4%;--awb-width-small:100%;--awb-order-small:0;--awb-spacing-right-small:1.92%;--awb-spacing-left-small:1.92%;\"><div class=\"fusion-column-wrapper fusion-column-has-shadow fusion-flex-justify-content-flex-start fusion-content-layout-column\"><div class=\"fusion-text fusion-text-1\"><h1 class=\"fusion-responsive-typography-calculated\" style=\"--fontsize: 38; line-height: 1.2;\" data-fontsize=\"38\" data-lineheight=\"45.6px\">Logen<\/h1>\n<p class=\"p1\">Logen is a beautiful room with high ceilings and exposed wooden beams on the second floor. From the balcony, you have a fantastic view of the landscape all the way to central Lund! Logen is approximately 140 m2 and can accommodate up to 60 people in theater-style seating.<\/p>\n<p class=\"p1\">Our conference room Logen is equipped with WiFi, notepads and pens, Post-it notes, water, a projector with speakers, and a whiteboard\/flip chart.<\/p>\n<p class=\"p1\">Upon request, we can provide a camera, additional speakers, etc. Please notify us well in advance of your conference and we&#8217;ll arrange it!<\/p>\n<\/div><\/div><\/div><\/div><\/div><div class=\"fusion-fullwidth fullwidth-box fusion-builder-row-2 fusion-flex-container has-pattern-background has-mask-background nonhundred-percent-fullwidth non-hundred-percent-height-scrolling\" style=\"--awb-border-radius-top-left:0px;--awb-border-radius-top-right:0px;--awb-border-radius-bottom-right:0px;--awb-border-radius-bottom-left:0px;--awb-margin-bottom:30px;--awb-flex-wrap:wrap;\" ><div class=\"fusion-builder-row fusion-row fusion-flex-align-items-flex-start fusion-flex-content-wrap\" style=\"max-width:1248px;margin-left: calc(-4% \/ 2 );margin-right: calc(-4% \/ 2 );\"><div class=\"fusion-layout-column fusion_builder_column fusion-builder-column-1 fusion_builder_column_1_2 1_2 fusion-flex-column\" style=\"--awb-bg-size:cover;--awb-width-large:50%;--awb-margin-top-large:0px;--awb-spacing-right-large:3.84%;--awb-margin-bottom-large:20px;--awb-spacing-left-large:3.84%;--awb-width-medium:50%;--awb-order-medium:0;--awb-spacing-right-medium:3.84%;--awb-spacing-left-medium:3.84%;--awb-width-small:100%;--awb-order-small:0;--awb-spacing-right-small:1.92%;--awb-spacing-left-small:1.92%;\"><div class=\"fusion-column-wrapper fusion-column-has-shadow fusion-flex-justify-content-flex-start fusion-content-layout-column\"><div class=\"fusion-image-element \" style=\"--awb-caption-title-font-family:var(--h2_typography-font-family);--awb-caption-title-font-weight:var(--h2_typography-font-weight);--awb-caption-title-font-style:var(--h2_typography-font-style);--awb-caption-title-size:var(--h2_typography-font-size);--awb-caption-title-transform:var(--h2_typography-text-transform);--awb-caption-title-line-height:var(--h2_typography-line-height);--awb-caption-title-letter-spacing:var(--h2_typography-letter-spacing);\"><span class=\" fusion-imageframe imageframe-none imageframe-1 hover-type-none\"><img decoding=\"async\" width=\"1800\" height=\"1200\" title=\"R\u00e5bylunds G\u00e5rd Konferens m\u00f6tesplats\" src=\"https:\/\/rabylundsgard.se\/wp-content\/uploads\/2023\/12\/DSC00724-HDRweb.jpg\" alt class=\"img-responsive wp-image-62822\" srcset=\"https:\/\/rabylundsgard.se\/wp-content\/uploads\/2023\/12\/DSC00724-HDRweb-300x200.jpg 300w, https:\/\/rabylundsgard.se\/wp-content\/uploads\/2023\/12\/DSC00724-HDRweb-768x512.jpg 768w, https:\/\/rabylundsgard.se\/wp-content\/uploads\/2023\/12\/DSC00724-HDRweb-1000x667.jpg 1000w, https:\/\/rabylundsgard.se\/wp-content\/uploads\/2023\/12\/DSC00724-HDRweb-1024x683.jpg 1024w, https:\/\/rabylundsgard.se\/wp-content\/uploads\/2023\/12\/DSC00724-HDRweb-1280x853.jpg 1280w, https:\/\/rabylundsgard.se\/wp-content\/uploads\/2023\/12\/DSC00724-HDRweb-1536x1024.jpg 1536w, https:\/\/rabylundsgard.se\/wp-content\/uploads\/2023\/12\/DSC00724-HDRweb.jpg 1800w\" sizes=\"(max-width: 1800px) 100vw, 1800px\" \/><\/span><\/div><\/div><\/div><div class=\"fusion-layout-column fusion_builder_column fusion-builder-column-2 fusion_builder_column_1_2 1_2 fusion-flex-column\" style=\"--awb-bg-size:cover;--awb-width-large:50%;--awb-margin-top-large:0px;--awb-spacing-right-large:3.84%;--awb-margin-bottom-large:20px;--awb-spacing-left-large:3.84%;--awb-width-medium:50%;--awb-order-medium:0;--awb-spacing-right-medium:3.84%;--awb-spacing-left-medium:3.84%;--awb-width-small:100%;--awb-order-small:0;--awb-spacing-right-small:1.92%;--awb-spacing-left-small:1.92%;\"><div class=\"fusion-column-wrapper fusion-column-has-shadow fusion-flex-justify-content-flex-start fusion-content-layout-column\"><div class=\"fusion-image-element \" style=\"--awb-caption-title-font-family:var(--h2_typography-font-family);--awb-caption-title-font-weight:var(--h2_typography-font-weight);--awb-caption-title-font-style:var(--h2_typography-font-style);--awb-caption-title-size:var(--h2_typography-font-size);--awb-caption-title-transform:var(--h2_typography-text-transform);--awb-caption-title-line-height:var(--h2_typography-line-height);--awb-caption-title-letter-spacing:var(--h2_typography-letter-spacing);\"><span class=\" fusion-imageframe imageframe-none imageframe-2 hover-type-none\"><img decoding=\"async\" width=\"1800\" height=\"1200\" title=\"R\u00e5bylunds G\u00e5rd konferens\" src=\"https:\/\/rabylundsgard.se\/wp-content\/uploads\/2024\/06\/DSC00664-HDRweb.jpg\" alt class=\"img-responsive wp-image-81620\" srcset=\"https:\/\/rabylundsgard.se\/wp-content\/uploads\/2024\/06\/DSC00664-HDRweb-300x200.jpg 300w, https:\/\/rabylundsgard.se\/wp-content\/uploads\/2024\/06\/DSC00664-HDRweb-768x512.jpg 768w, https:\/\/rabylundsgard.se\/wp-content\/uploads\/2024\/06\/DSC00664-HDRweb-1000x667.jpg 1000w, https:\/\/rabylundsgard.se\/wp-content\/uploads\/2024\/06\/DSC00664-HDRweb-1024x683.jpg 1024w, https:\/\/rabylundsgard.se\/wp-content\/uploads\/2024\/06\/DSC00664-HDRweb-1280x853.jpg 1280w, https:\/\/rabylundsgard.se\/wp-content\/uploads\/2024\/06\/DSC00664-HDRweb-1536x1024.jpg 1536w, https:\/\/rabylundsgard.se\/wp-content\/uploads\/2024\/06\/DSC00664-HDRweb.jpg 1800w\" sizes=\"(max-width: 1800px) 100vw, 1800px\" \/><\/span><\/div><\/div><\/div><\/div><\/div><div class=\"fusion-fullwidth fullwidth-box fusion-builder-row-3 fusion-flex-container has-pattern-background has-mask-background nonhundred-percent-fullwidth non-hundred-percent-height-scrolling\" style=\"--awb-border-radius-top-left:0px;--awb-border-radius-top-right:0px;--awb-border-radius-bottom-right:0px;--awb-border-radius-bottom-left:0px;--awb-margin-bottom:45px;--awb-flex-wrap:wrap;\" ><div class=\"fusion-builder-row fusion-row fusion-flex-align-items-flex-start fusion-flex-content-wrap\" style=\"max-width:1248px;margin-left: calc(-4% \/ 2 );margin-right: calc(-4% \/ 2 );\"><div class=\"fusion-layout-column fusion_builder_column fusion-builder-column-3 fusion_builder_column_1_2 1_2 fusion-flex-column\" style=\"--awb-bg-size:cover;--awb-width-large:50%;--awb-margin-top-large:0px;--awb-spacing-right-large:3.84%;--awb-margin-bottom-large:20px;--awb-spacing-left-large:3.84%;--awb-width-medium:50%;--awb-order-medium:0;--awb-spacing-right-medium:3.84%;--awb-spacing-left-medium:3.84%;--awb-width-small:100%;--awb-order-small:0;--awb-spacing-right-small:1.92%;--awb-spacing-left-small:1.92%;\"><div class=\"fusion-column-wrapper fusion-column-has-shadow fusion-flex-justify-content-flex-start fusion-content-layout-column\"><div class=\"fusion-image-element \" style=\"--awb-caption-title-font-family:var(--h2_typography-font-family);--awb-caption-title-font-weight:var(--h2_typography-font-weight);--awb-caption-title-font-style:var(--h2_typography-font-style);--awb-caption-title-size:var(--h2_typography-font-size);--awb-caption-title-transform:var(--h2_typography-text-transform);--awb-caption-title-line-height:var(--h2_typography-line-height);--awb-caption-title-letter-spacing:var(--h2_typography-letter-spacing);\"><span class=\" fusion-imageframe imageframe-none imageframe-3 hover-type-none\"><img decoding=\"async\" width=\"1800\" height=\"1200\" title=\"R\u00e5bylunds G\u00e5rd konferens\" src=\"https:\/\/rabylundsgard.se\/wp-content\/uploads\/2024\/06\/DSC00661-HDRweb.jpg\" alt class=\"img-responsive wp-image-81619\" srcset=\"https:\/\/rabylundsgard.se\/wp-content\/uploads\/2024\/06\/DSC00661-HDRweb-300x200.jpg 300w, https:\/\/rabylundsgard.se\/wp-content\/uploads\/2024\/06\/DSC00661-HDRweb-768x512.jpg 768w, https:\/\/rabylundsgard.se\/wp-content\/uploads\/2024\/06\/DSC00661-HDRweb-1000x667.jpg 1000w, https:\/\/rabylundsgard.se\/wp-content\/uploads\/2024\/06\/DSC00661-HDRweb-1024x683.jpg 1024w, https:\/\/rabylundsgard.se\/wp-content\/uploads\/2024\/06\/DSC00661-HDRweb-1280x853.jpg 1280w, https:\/\/rabylundsgard.se\/wp-content\/uploads\/2024\/06\/DSC00661-HDRweb-1536x1024.jpg 1536w, https:\/\/rabylundsgard.se\/wp-content\/uploads\/2024\/06\/DSC00661-HDRweb.jpg 1800w\" sizes=\"(max-width: 1800px) 100vw, 1800px\" \/><\/span><\/div><\/div><\/div><div class=\"fusion-layout-column fusion_builder_column fusion-builder-column-4 fusion_builder_column_1_2 1_2 fusion-flex-column\" style=\"--awb-bg-size:cover;--awb-width-large:50%;--awb-margin-top-large:0px;--awb-spacing-right-large:3.84%;--awb-margin-bottom-large:20px;--awb-spacing-left-large:3.84%;--awb-width-medium:50%;--awb-order-medium:0;--awb-spacing-right-medium:3.84%;--awb-spacing-left-medium:3.84%;--awb-width-small:100%;--awb-order-small:0;--awb-spacing-right-small:1.92%;--awb-spacing-left-small:1.92%;\"><div class=\"fusion-column-wrapper fusion-column-has-shadow fusion-flex-justify-content-flex-start fusion-content-layout-column\"><div class=\"fusion-image-element \" style=\"--awb-caption-title-font-family:var(--h2_typography-font-family);--awb-caption-title-font-weight:var(--h2_typography-font-weight);--awb-caption-title-font-style:var(--h2_typography-font-style);--awb-caption-title-size:var(--h2_typography-font-size);--awb-caption-title-transform:var(--h2_typography-text-transform);--awb-caption-title-line-height:var(--h2_typography-line-height);--awb-caption-title-letter-spacing:var(--h2_typography-letter-spacing);\"><span class=\" fusion-imageframe imageframe-none imageframe-4 hover-type-none\"><img decoding=\"async\" width=\"1800\" height=\"1200\" title=\"R\u00e5bylunds G\u00e5rd Konferens m\u00f6tesplats\" src=\"https:\/\/rabylundsgard.se\/wp-content\/uploads\/2023\/12\/DSC00640-HDRweb.jpg\" alt class=\"img-responsive wp-image-62823\" srcset=\"https:\/\/rabylundsgard.se\/wp-content\/uploads\/2023\/12\/DSC00640-HDRweb-300x200.jpg 300w, https:\/\/rabylundsgard.se\/wp-content\/uploads\/2023\/12\/DSC00640-HDRweb-768x512.jpg 768w, https:\/\/rabylundsgard.se\/wp-content\/uploads\/2023\/12\/DSC00640-HDRweb-1000x667.jpg 1000w, https:\/\/rabylundsgard.se\/wp-content\/uploads\/2023\/12\/DSC00640-HDRweb-1024x683.jpg 1024w, https:\/\/rabylundsgard.se\/wp-content\/uploads\/2023\/12\/DSC00640-HDRweb-1280x853.jpg 1280w, https:\/\/rabylundsgard.se\/wp-content\/uploads\/2023\/12\/DSC00640-HDRweb-1536x1024.jpg 1536w, https:\/\/rabylundsgard.se\/wp-content\/uploads\/2023\/12\/DSC00640-HDRweb.jpg 1800w\" sizes=\"(max-width: 1800px) 100vw, 1800px\" \/><\/span><\/div><\/div><\/div><\/div><\/div><\/p>\n","protected":false},"excerpt":{"rendered":"","protected":false},"author":6,"featured_media":0,"parent":0,"menu_order":0,"comment_status":"closed","ping_status":"closed","template":"100-width.php","meta":{"_monsterinsights_skip_tracking":false,"_monsterinsights_sitenote_active":false,"_monsterinsights_sitenote_note":"","_monsterinsights_sitenote_category":0,"footnotes":""},"class_list":["post-81366","page","type-page","status-publish","hentry"],"yoast_head":"<!-- This site is optimized with the Yoast SEO plugin v27.4 - https:\/\/yoast.com\/product\/yoast-seo-wordpress\/ -->\n<title>Conference Room Logen - R\u00e5bylunds G\u00e5rd<\/title>\n<meta name=\"robots\" content=\"index, follow, max-snippet:-1, max-image-preview:large, max-video-preview:-1\" \/>\n<link rel=\"canonical\" href=\"https:\/\/rabylundsgard.se\/en\/conference-room-logen\/\" \/>\n<meta property=\"og:locale\" content=\"en_US\" \/>\n<meta property=\"og:type\" content=\"article\" \/>\n<meta property=\"og:title\" content=\"Conference Room Logen - R\u00e5bylunds G\u00e5rd\" \/>\n<meta property=\"og:url\" content=\"https:\/\/rabylundsgard.se\/en\/conference-room-logen\/\" \/>\n<meta property=\"og:site_name\" content=\"R\u00e5bylunds G\u00e5rd\" \/>\n<meta property=\"article:modified_time\" content=\"2026-04-14T16:22:18+00:00\" \/>\n<meta name=\"twitter:card\" content=\"summary_large_image\" \/>\n<meta name=\"twitter:label1\" content=\"Est. reading time\" \/>\n\t<meta name=\"twitter:data1\" content=\"19 minutes\" \/>\n<script type=\"application\/ld+json\" class=\"yoast-schema-graph\">{\"@context\":\"https:\\\/\\\/schema.org\",\"@graph\":[{\"@type\":\"WebPage\",\"@id\":\"https:\\\/\\\/rabylundsgard.se\\\/en\\\/conference-room-logen\\\/\",\"url\":\"https:\\\/\\\/rabylundsgard.se\\\/en\\\/conference-room-logen\\\/\",\"name\":\"Conference Room Logen - R\u00e5bylunds G\u00e5rd\",\"isPartOf\":{\"@id\":\"https:\\\/\\\/rabylundsgard.se\\\/en\\\/#website\"},\"datePublished\":\"2026-04-14T16:22:14+00:00\",\"dateModified\":\"2026-04-14T16:22:18+00:00\",\"breadcrumb\":{\"@id\":\"https:\\\/\\\/rabylundsgard.se\\\/en\\\/conference-room-logen\\\/#breadcrumb\"},\"inLanguage\":\"en-US\",\"potentialAction\":[{\"@type\":\"ReadAction\",\"target\":[\"https:\\\/\\\/rabylundsgard.se\\\/en\\\/conference-room-logen\\\/\"]}]},{\"@type\":\"BreadcrumbList\",\"@id\":\"https:\\\/\\\/rabylundsgard.se\\\/en\\\/conference-room-logen\\\/#breadcrumb\",\"itemListElement\":[{\"@type\":\"ListItem\",\"position\":1,\"name\":\"Hem\",\"item\":\"https:\\\/\\\/rabylundsgard.se\\\/en\\\/\"},{\"@type\":\"ListItem\",\"position\":2,\"name\":\"Conference Room Logen\"}]},{\"@type\":\"WebSite\",\"@id\":\"https:\\\/\\\/rabylundsgard.se\\\/en\\\/#website\",\"url\":\"https:\\\/\\\/rabylundsgard.se\\\/en\\\/\",\"name\":\"R\u00e5bylunds G\u00e5rd\",\"description\":\"\",\"publisher\":{\"@id\":\"https:\\\/\\\/rabylundsgard.se\\\/en\\\/#organization\"},\"potentialAction\":[{\"@type\":\"SearchAction\",\"target\":{\"@type\":\"EntryPoint\",\"urlTemplate\":\"https:\\\/\\\/rabylundsgard.se\\\/en\\\/?s={search_term_string}\"},\"query-input\":{\"@type\":\"PropertyValueSpecification\",\"valueRequired\":true,\"valueName\":\"search_term_string\"}}],\"inLanguage\":\"en-US\"},{\"@type\":\"Organization\",\"@id\":\"https:\\\/\\\/rabylundsgard.se\\\/en\\\/#organization\",\"name\":\"R\u00e5bylunds G\u00e5rd\",\"url\":\"https:\\\/\\\/rabylundsgard.se\\\/en\\\/\",\"logo\":{\"@type\":\"ImageObject\",\"inLanguage\":\"en-US\",\"@id\":\"https:\\\/\\\/rabylundsgard.se\\\/en\\\/#\\\/schema\\\/logo\\\/image\\\/\",\"url\":\"https:\\\/\\\/rabylundsgard.se\\\/wp-content\\\/uploads\\\/2021\\\/09\\\/logo-word.png\",\"contentUrl\":\"https:\\\/\\\/rabylundsgard.se\\\/wp-content\\\/uploads\\\/2021\\\/09\\\/logo-word.png\",\"width\":1000,\"height\":196,\"caption\":\"R\u00e5bylunds G\u00e5rd\"},\"image\":{\"@id\":\"https:\\\/\\\/rabylundsgard.se\\\/en\\\/#\\\/schema\\\/logo\\\/image\\\/\"}}]}<\/script>\n<!-- \/ Yoast SEO plugin. -->","yoast_head_json":{"title":"Conference Room Logen - R\u00e5bylunds G\u00e5rd","robots":{"index":"index","follow":"follow","max-snippet":"max-snippet:-1","max-image-preview":"max-image-preview:large","max-video-preview":"max-video-preview:-1"},"canonical":"https:\/\/rabylundsgard.se\/en\/conference-room-logen\/","og_locale":"en_US","og_type":"article","og_title":"Conference Room Logen - R\u00e5bylunds G\u00e5rd","og_url":"https:\/\/rabylundsgard.se\/en\/conference-room-logen\/","og_site_name":"R\u00e5bylunds G\u00e5rd","article_modified_time":"2026-04-14T16:22:18+00:00","twitter_card":"summary_large_image","twitter_misc":{"Est. reading time":"19 minutes"},"schema":{"@context":"https:\/\/schema.org","@graph":[{"@type":"WebPage","@id":"https:\/\/rabylundsgard.se\/en\/conference-room-logen\/","url":"https:\/\/rabylundsgard.se\/en\/conference-room-logen\/","name":"Conference Room Logen - R\u00e5bylunds G\u00e5rd","isPartOf":{"@id":"https:\/\/rabylundsgard.se\/en\/#website"},"datePublished":"2026-04-14T16:22:14+00:00","dateModified":"2026-04-14T16:22:18+00:00","breadcrumb":{"@id":"https:\/\/rabylundsgard.se\/en\/conference-room-logen\/#breadcrumb"},"inLanguage":"en-US","potentialAction":[{"@type":"ReadAction","target":["https:\/\/rabylundsgard.se\/en\/conference-room-logen\/"]}]},{"@type":"BreadcrumbList","@id":"https:\/\/rabylundsgard.se\/en\/conference-room-logen\/#breadcrumb","itemListElement":[{"@type":"ListItem","position":1,"name":"Hem","item":"https:\/\/rabylundsgard.se\/en\/"},{"@type":"ListItem","position":2,"name":"Conference Room Logen"}]},{"@type":"WebSite","@id":"https:\/\/rabylundsgard.se\/en\/#website","url":"https:\/\/rabylundsgard.se\/en\/","name":"R\u00e5bylunds G\u00e5rd","description":"","publisher":{"@id":"https:\/\/rabylundsgard.se\/en\/#organization"},"potentialAction":[{"@type":"SearchAction","target":{"@type":"EntryPoint","urlTemplate":"https:\/\/rabylundsgard.se\/en\/?s={search_term_string}"},"query-input":{"@type":"PropertyValueSpecification","valueRequired":true,"valueName":"search_term_string"}}],"inLanguage":"en-US"},{"@type":"Organization","@id":"https:\/\/rabylundsgard.se\/en\/#organization","name":"R\u00e5bylunds G\u00e5rd","url":"https:\/\/rabylundsgard.se\/en\/","logo":{"@type":"ImageObject","inLanguage":"en-US","@id":"https:\/\/rabylundsgard.se\/en\/#\/schema\/logo\/image\/","url":"https:\/\/rabylundsgard.se\/wp-content\/uploads\/2021\/09\/logo-word.png","contentUrl":"https:\/\/rabylundsgard.se\/wp-content\/uploads\/2021\/09\/logo-word.png","width":1000,"height":196,"caption":"R\u00e5bylunds G\u00e5rd"},"image":{"@id":"https:\/\/rabylundsgard.se\/en\/#\/schema\/logo\/image\/"}}]}},"_links":{"self":[{"href":"https:\/\/rabylundsgard.se\/en\/wp-json\/wp\/v2\/pages\/81366","targetHints":{"allow":["GET"]}}],"collection":[{"href":"https:\/\/rabylundsgard.se\/en\/wp-json\/wp\/v2\/pages"}],"about":[{"href":"https:\/\/rabylundsgard.se\/en\/wp-json\/wp\/v2\/types\/page"}],"author":[{"embeddable":true,"href":"https:\/\/rabylundsgard.se\/en\/wp-json\/wp\/v2\/users\/6"}],"replies":[{"embeddable":true,"href":"https:\/\/rabylundsgard.se\/en\/wp-json\/wp\/v2\/comments?post=81366"}],"version-history":[{"count":7,"href":"https:\/\/rabylundsgard.se\/en\/wp-json\/wp\/v2\/pages\/81366\/revisions"}],"predecessor-version":[{"id":81374,"href":"https:\/\/rabylundsgard.se\/en\/wp-json\/wp\/v2\/pages\/81366\/revisions\/81374"}],"wp:attachment":[{"href":"https:\/\/rabylundsgard.se\/en\/wp-json\/wp\/v2\/media?parent=81366"}],"curies":[{"name":"wp","href":"https:\/\/api.w.org\/{rel}","templated":true}]}}