{"id":132,"date":"2015-11-24T13:30:29","date_gmt":"2015-11-24T13:30:29","guid":{"rendered":"http:\/\/rabylundsgard.se\/en\/directions\/"},"modified":"2026-04-14T17:17:41","modified_gmt":"2026-04-14T17:17:41","slug":"directions","status":"publish","type":"page","link":"https:\/\/rabylundsgard.se\/en\/directions\/","title":{"rendered":"Find us"},"content":{"rendered":"<p><div class=\"fusion-fullwidth fullwidth-box fusion-builder-row-1 fusion-flex-container has-pattern-background has-mask-background nonhundred-percent-fullwidth non-hundred-percent-height-scrolling\" style=\"--awb-border-radius-top-left:0px;--awb-border-radius-top-right:0px;--awb-border-radius-bottom-right:0px;--awb-border-radius-bottom-left:0px;--awb-margin-bottom:30px;--awb-flex-wrap:wrap;\" ><div class=\"fusion-builder-row fusion-row fusion-flex-align-items-flex-start fusion-flex-content-wrap\" style=\"max-width:1248px;margin-left: calc(-4% \/ 2 );margin-right: calc(-4% \/ 2 );\"><div class=\"fusion-layout-column fusion_builder_column fusion-builder-column-0 fusion_builder_column_3_4 3_4 fusion-flex-column\" style=\"--awb-bg-blend:overlay;--awb-bg-size:cover;--awb-width-large:75%;--awb-margin-top-large:0px;--awb-spacing-right-large:2.56%;--awb-margin-bottom-large:0px;--awb-spacing-left-large:2.56%;--awb-width-medium:75%;--awb-spacing-right-medium:2.56%;--awb-spacing-left-medium:2.56%;--awb-width-small:100%;--awb-spacing-right-small:1.92%;--awb-spacing-left-small:1.92%;\"><div class=\"fusion-column-wrapper fusion-flex-justify-content-flex-start fusion-content-layout-column\"><div class=\"fusion-text fusion-text-1\" style=\"--awb-margin-left:20px;\"><h1>How to find us during the construction in R\u00e5by<\/h1>\n<p>Major roadworks are underway near us, which may affect those driving here.<br \/>\n<strong><a href=\"https:\/\/www.trafikverket.se\/vara-projekt\/projekt-i-skane-lan\/e22-lund-sodra-och-vag-108\/\" target=\"_blank\" rel=\"noopener\">Read more here.<\/a><\/strong><\/p>\n<p><strong>If you are coming from Malm\u00f6:<\/strong> please refer to the link above with information from the Swedish Transport Administration.<\/p>\n<p><strong>If you are coming from the city center:<\/strong> take road 102 towards Dalby. Turn right at the roundabout onto Syd\u00f6strav\u00e4gen. Level with Biltema, you will see a sign on your right-hand side. The entrance will be on your left.<\/p>\n<p><strong>If you are coming from Dalby<\/strong>, the easiest way to get here is via Stora R\u00e5by Byav\u00e4g. It will be on your left shortly after you pass R\u00e5bytorp G\u00e5rdsbutik.<\/p>\n<p>R\u00e5bylunds G\u00e5rd is located in Stora R\u00e5by village, in Lund.<br \/>\nThe address is Pr\u00e4stav\u00e4gen 12, 224 80 Lund.<\/p>\n<p>The farm is adjacent to the Gastelyckan\/Hasslanda business area, with access to both city and regional bus connections. The city center can be reached by bike in 10 minutes. Via Syd\u00f6stra v\u00e4gen, you can reach the E22 directly.<\/p>\n<p>City bus number 5. Annehem \u2013 R\u00e5bylund via Lund C. Nearest stop: Arkivcentrum Syd or Guld\u00e5kerstorget.<\/p>\n<p>Gastelyckan \u00d6 is the nearest stop for regional buses. Followed by a walk along Syd\u00f6stra v\u00e4gen \/Pr\u00e4stav\u00e4gen for approximately 15-20 minutes (1.4 km). See image below!<\/p>\n<\/div><\/div><\/div><\/div><\/div><div class=\"fusion-fullwidth fullwidth-box fusion-builder-row-2 fusion-flex-container nonhundred-percent-fullwidth non-hundred-percent-height-scrolling\" style=\"--awb-border-radius-top-left:0px;--awb-border-radius-top-right:0px;--awb-border-radius-bottom-right:0px;--awb-border-radius-bottom-left:0px;--awb-margin-bottom:45px;--awb-flex-wrap:wrap;\" ><div class=\"fusion-builder-row fusion-row fusion-flex-align-items-flex-start fusion-flex-content-wrap\" style=\"max-width:1248px;margin-left: calc(-4% \/ 2 );margin-right: calc(-4% \/ 2 );\"><div class=\"fusion-layout-column fusion_builder_column fusion-builder-column-1 fusion_builder_column_3_4 3_4 fusion-flex-column\" style=\"--awb-bg-blend:overlay;--awb-bg-size:cover;--awb-width-large:75%;--awb-margin-top-large:0px;--awb-spacing-right-large:2.56%;--awb-margin-bottom-large:0px;--awb-spacing-left-large:2.56%;--awb-width-medium:75%;--awb-spacing-right-medium:2.56%;--awb-spacing-left-medium:2.56%;--awb-width-small:100%;--awb-spacing-right-small:1.92%;--awb-spacing-left-small:1.92%;\"><div class=\"fusion-column-wrapper fusion-flex-justify-content-flex-start fusion-content-layout-column\"><div class=\"fusion-image-element \" style=\"--awb-caption-title-font-family:var(--h2_typography-font-family);--awb-caption-title-font-weight:var(--h2_typography-font-weight);--awb-caption-title-font-style:var(--h2_typography-font-style);--awb-caption-title-size:var(--h2_typography-font-size);--awb-caption-title-transform:var(--h2_typography-text-transform);--awb-caption-title-line-height:var(--h2_typography-line-height);--awb-caption-title-letter-spacing:var(--h2_typography-letter-spacing);\"><span class=\" fusion-imageframe imageframe-none imageframe-1 hover-type-none\"><img decoding=\"async\" width=\"1030\" height=\"696\" title=\"R\u00e5bylunds G\u00e5rd Find us\" src=\"https:\/\/rabylundsgard.se\/wp-content\/uploads\/2025\/05\/image002.png\" alt class=\"img-responsive wp-image-81640\" srcset=\"https:\/\/rabylundsgard.se\/wp-content\/uploads\/2025\/05\/image002-220x150.png 220w, https:\/\/rabylundsgard.se\/wp-content\/uploads\/2025\/05\/image002-300x203.png 300w, https:\/\/rabylundsgard.se\/wp-content\/uploads\/2025\/05\/image002-768x519.png 768w, https:\/\/rabylundsgard.se\/wp-content\/uploads\/2025\/05\/image002-1000x676.png 1000w, https:\/\/rabylundsgard.se\/wp-content\/uploads\/2025\/05\/image002-1024x692.png 1024w, https:\/\/rabylundsgard.se\/wp-content\/uploads\/2025\/05\/image002.png 1030w\" sizes=\"(max-width: 1030px) 100vw, 1030px\" \/><\/span><\/div><div class=\"fusion-text fusion-text-2\" style=\"--awb-margin-top:40px;\"><p><iframe style=\"border: 0;\" src=\"https:\/\/www.google.com\/maps\/embed?pb=!1m18!1m12!1m3!1d1124.5813483630598!2d13.22229267611394!3d55.686159095110035!2m3!1f0!2f0!3f0!3m2!1i1024!2i768!4f13.1!3m3!1m2!1s0x4653979963339f75%3A0xb81b0681c284ee94!2zUsOlYnlsdW5kcyBHw6VyZA!5e0!3m2!1ssv!2sse!4v1632834593650!5m2!1ssv!2sse\" width=\"800\" height=\"450\" allowfullscreen=\"allowfullscreen\"><span data-mce-type=\"bookmark\" style=\"display: inline-block; width: 0px; overflow: hidden; line-height: 0;\" class=\"mce_SELRES_start\"><\/span><span data-mce-type=\"bookmark\" style=\"display: inline-block; width: 0px; overflow: hidden; line-height: 0;\" class=\"mce_SELRES_start\"><\/span><\/iframe><\/p>\n<\/div><\/div><\/div><\/div><\/div><\/p>\n","protected":false},"excerpt":{"rendered":"","protected":false},"author":1,"featured_media":0,"parent":0,"menu_order":0,"comment_status":"closed","ping_status":"closed","template":"100-width.php","meta":{"_monsterinsights_skip_tracking":false,"_monsterinsights_sitenote_active":false,"_monsterinsights_sitenote_note":"","_monsterinsights_sitenote_category":0,"footnotes":""},"class_list":["post-132","page","type-page","status-publish","hentry"],"yoast_head":"<!-- This site is optimized with the Yoast SEO plugin v27.4 - https:\/\/yoast.com\/product\/yoast-seo-wordpress\/ -->\n<title>Find us - R\u00e5bylunds G\u00e5rd<\/title>\n<meta name=\"robots\" content=\"index, follow, max-snippet:-1, max-image-preview:large, max-video-preview:-1\" \/>\n<link rel=\"canonical\" href=\"https:\/\/rabylundsgard.se\/en\/directions\/\" \/>\n<meta property=\"og:locale\" content=\"en_US\" \/>\n<meta property=\"og:type\" content=\"article\" \/>\n<meta property=\"og:title\" content=\"Find us - R\u00e5bylunds G\u00e5rd\" \/>\n<meta property=\"og:url\" content=\"https:\/\/rabylundsgard.se\/en\/directions\/\" \/>\n<meta property=\"og:site_name\" content=\"R\u00e5bylunds G\u00e5rd\" \/>\n<meta property=\"article:modified_time\" content=\"2026-04-14T17:17:41+00:00\" \/>\n<meta name=\"twitter:card\" content=\"summary_large_image\" \/>\n<meta name=\"twitter:label1\" content=\"Est. reading time\" \/>\n\t<meta name=\"twitter:data1\" content=\"5 minutes\" \/>\n<script type=\"application\/ld+json\" class=\"yoast-schema-graph\">{\"@context\":\"https:\\\/\\\/schema.org\",\"@graph\":[{\"@type\":\"WebPage\",\"@id\":\"https:\\\/\\\/rabylundsgard.se\\\/en\\\/directions\\\/\",\"url\":\"https:\\\/\\\/rabylundsgard.se\\\/en\\\/directions\\\/\",\"name\":\"Find us - R\u00e5bylunds G\u00e5rd\",\"isPartOf\":{\"@id\":\"https:\\\/\\\/rabylundsgard.se\\\/en\\\/#website\"},\"datePublished\":\"2015-11-24T13:30:29+00:00\",\"dateModified\":\"2026-04-14T17:17:41+00:00\",\"breadcrumb\":{\"@id\":\"https:\\\/\\\/rabylundsgard.se\\\/en\\\/directions\\\/#breadcrumb\"},\"inLanguage\":\"en-US\",\"potentialAction\":[{\"@type\":\"ReadAction\",\"target\":[\"https:\\\/\\\/rabylundsgard.se\\\/en\\\/directions\\\/\"]}]},{\"@type\":\"BreadcrumbList\",\"@id\":\"https:\\\/\\\/rabylundsgard.se\\\/en\\\/directions\\\/#breadcrumb\",\"itemListElement\":[{\"@type\":\"ListItem\",\"position\":1,\"name\":\"Hem\",\"item\":\"https:\\\/\\\/rabylundsgard.se\\\/en\\\/\"},{\"@type\":\"ListItem\",\"position\":2,\"name\":\"Find us\"}]},{\"@type\":\"WebSite\",\"@id\":\"https:\\\/\\\/rabylundsgard.se\\\/en\\\/#website\",\"url\":\"https:\\\/\\\/rabylundsgard.se\\\/en\\\/\",\"name\":\"R\u00e5bylunds G\u00e5rd\",\"description\":\"\",\"publisher\":{\"@id\":\"https:\\\/\\\/rabylundsgard.se\\\/en\\\/#organization\"},\"potentialAction\":[{\"@type\":\"SearchAction\",\"target\":{\"@type\":\"EntryPoint\",\"urlTemplate\":\"https:\\\/\\\/rabylundsgard.se\\\/en\\\/?s={search_term_string}\"},\"query-input\":{\"@type\":\"PropertyValueSpecification\",\"valueRequired\":true,\"valueName\":\"search_term_string\"}}],\"inLanguage\":\"en-US\"},{\"@type\":\"Organization\",\"@id\":\"https:\\\/\\\/rabylundsgard.se\\\/en\\\/#organization\",\"name\":\"R\u00e5bylunds G\u00e5rd\",\"url\":\"https:\\\/\\\/rabylundsgard.se\\\/en\\\/\",\"logo\":{\"@type\":\"ImageObject\",\"inLanguage\":\"en-US\",\"@id\":\"https:\\\/\\\/rabylundsgard.se\\\/en\\\/#\\\/schema\\\/logo\\\/image\\\/\",\"url\":\"https:\\\/\\\/rabylundsgard.se\\\/wp-content\\\/uploads\\\/2021\\\/09\\\/logo-word.png\",\"contentUrl\":\"https:\\\/\\\/rabylundsgard.se\\\/wp-content\\\/uploads\\\/2021\\\/09\\\/logo-word.png\",\"width\":1000,\"height\":196,\"caption\":\"R\u00e5bylunds G\u00e5rd\"},\"image\":{\"@id\":\"https:\\\/\\\/rabylundsgard.se\\\/en\\\/#\\\/schema\\\/logo\\\/image\\\/\"}}]}<\/script>\n<!-- \/ Yoast SEO plugin. -->","yoast_head_json":{"title":"Find us - R\u00e5bylunds G\u00e5rd","robots":{"index":"index","follow":"follow","max-snippet":"max-snippet:-1","max-image-preview":"max-image-preview:large","max-video-preview":"max-video-preview:-1"},"canonical":"https:\/\/rabylundsgard.se\/en\/directions\/","og_locale":"en_US","og_type":"article","og_title":"Find us - R\u00e5bylunds G\u00e5rd","og_url":"https:\/\/rabylundsgard.se\/en\/directions\/","og_site_name":"R\u00e5bylunds G\u00e5rd","article_modified_time":"2026-04-14T17:17:41+00:00","twitter_card":"summary_large_image","twitter_misc":{"Est. reading time":"5 minutes"},"schema":{"@context":"https:\/\/schema.org","@graph":[{"@type":"WebPage","@id":"https:\/\/rabylundsgard.se\/en\/directions\/","url":"https:\/\/rabylundsgard.se\/en\/directions\/","name":"Find us - R\u00e5bylunds G\u00e5rd","isPartOf":{"@id":"https:\/\/rabylundsgard.se\/en\/#website"},"datePublished":"2015-11-24T13:30:29+00:00","dateModified":"2026-04-14T17:17:41+00:00","breadcrumb":{"@id":"https:\/\/rabylundsgard.se\/en\/directions\/#breadcrumb"},"inLanguage":"en-US","potentialAction":[{"@type":"ReadAction","target":["https:\/\/rabylundsgard.se\/en\/directions\/"]}]},{"@type":"BreadcrumbList","@id":"https:\/\/rabylundsgard.se\/en\/directions\/#breadcrumb","itemListElement":[{"@type":"ListItem","position":1,"name":"Hem","item":"https:\/\/rabylundsgard.se\/en\/"},{"@type":"ListItem","position":2,"name":"Find us"}]},{"@type":"WebSite","@id":"https:\/\/rabylundsgard.se\/en\/#website","url":"https:\/\/rabylundsgard.se\/en\/","name":"R\u00e5bylunds G\u00e5rd","description":"","publisher":{"@id":"https:\/\/rabylundsgard.se\/en\/#organization"},"potentialAction":[{"@type":"SearchAction","target":{"@type":"EntryPoint","urlTemplate":"https:\/\/rabylundsgard.se\/en\/?s={search_term_string}"},"query-input":{"@type":"PropertyValueSpecification","valueRequired":true,"valueName":"search_term_string"}}],"inLanguage":"en-US"},{"@type":"Organization","@id":"https:\/\/rabylundsgard.se\/en\/#organization","name":"R\u00e5bylunds G\u00e5rd","url":"https:\/\/rabylundsgard.se\/en\/","logo":{"@type":"ImageObject","inLanguage":"en-US","@id":"https:\/\/rabylundsgard.se\/en\/#\/schema\/logo\/image\/","url":"https:\/\/rabylundsgard.se\/wp-content\/uploads\/2021\/09\/logo-word.png","contentUrl":"https:\/\/rabylundsgard.se\/wp-content\/uploads\/2021\/09\/logo-word.png","width":1000,"height":196,"caption":"R\u00e5bylunds G\u00e5rd"},"image":{"@id":"https:\/\/rabylundsgard.se\/en\/#\/schema\/logo\/image\/"}}]}},"_links":{"self":[{"href":"https:\/\/rabylundsgard.se\/en\/wp-json\/wp\/v2\/pages\/132","targetHints":{"allow":["GET"]}}],"collection":[{"href":"https:\/\/rabylundsgard.se\/en\/wp-json\/wp\/v2\/pages"}],"about":[{"href":"https:\/\/rabylundsgard.se\/en\/wp-json\/wp\/v2\/types\/page"}],"author":[{"embeddable":true,"href":"https:\/\/rabylundsgard.se\/en\/wp-json\/wp\/v2\/users\/1"}],"replies":[{"embeddable":true,"href":"https:\/\/rabylundsgard.se\/en\/wp-json\/wp\/v2\/comments?post=132"}],"version-history":[{"count":7,"href":"https:\/\/rabylundsgard.se\/en\/wp-json\/wp\/v2\/pages\/132\/revisions"}],"predecessor-version":[{"id":81644,"href":"https:\/\/rabylundsgard.se\/en\/wp-json\/wp\/v2\/pages\/132\/revisions\/81644"}],"wp:attachment":[{"href":"https:\/\/rabylundsgard.se\/en\/wp-json\/wp\/v2\/media?parent=132"}],"curies":[{"name":"wp","href":"https:\/\/api.w.org\/{rel}","templated":true}]}}